{"id":1184,"date":"2017-09-14T10:43:12","date_gmt":"2017-09-14T10:43:12","guid":{"rendered":"https:\/\/nienna-alwee.fr\/?page_id=1184"},"modified":"2022-10-08T09:48:07","modified_gmt":"2022-10-08T09:48:07","slug":"about-us","status":"publish","type":"page","link":"https:\/\/nienna-alwee.fr\/?page_id=1184","title":{"rendered":"\u00c0 Propos"},"content":{"rendered":"\t\t<div data-elementor-type=\"wp-post\" data-elementor-id=\"1184\" class=\"elementor elementor-1184\" data-elementor-post-type=\"page\">\n\t\t\t\t\t\t<section class=\"elementor-section elementor-top-section elementor-element elementor-element-b5fb0ec elementor-section-boxed elementor-section-height-default elementor-section-height-default\" data-id=\"b5fb0ec\" data-element_type=\"section\" data-settings=\"{&quot;background_background&quot;:&quot;classic&quot;}\">\n\t\t\t\t\t\t\t<div class=\"elementor-background-overlay\"><\/div>\n\t\t\t\t\t\t\t<div class=\"elementor-container elementor-column-gap-no\">\n\t\t\t\t\t<div class=\"elementor-column elementor-col-100 elementor-top-column elementor-element elementor-element-211dd39\" data-id=\"211dd39\" data-element_type=\"column\">\n\t\t\t<div class=\"elementor-widget-wrap elementor-element-populated\">\n\t\t\t\t\t\t<div class=\"elementor-element elementor-element-3b23e95 elementor-widget elementor-widget-heading\" data-id=\"3b23e95\" data-element_type=\"widget\" data-widget_type=\"heading.default\">\n\t\t\t\t<div class=\"elementor-widget-container\">\n\t\t\t<style>\/*! elementor - v3.21.0 - 26-05-2024 *\/\n.elementor-heading-title{padding:0;margin:0;line-height:1}.elementor-widget-heading .elementor-heading-title[class*=elementor-size-]>a{color:inherit;font-size:inherit;line-height:inherit}.elementor-widget-heading .elementor-heading-title.elementor-size-small{font-size:15px}.elementor-widget-heading .elementor-heading-title.elementor-size-medium{font-size:19px}.elementor-widget-heading .elementor-heading-title.elementor-size-large{font-size:29px}.elementor-widget-heading .elementor-heading-title.elementor-size-xl{font-size:39px}.elementor-widget-heading .elementor-heading-title.elementor-size-xxl{font-size:59px}<\/style><h1 class=\"elementor-heading-title elementor-size-default\">\u00c0 Propos de moi<\/h1>\t\t<\/div>\n\t\t\t\t<\/div>\n\t\t\t\t<div class=\"elementor-element elementor-element-e342adf elementor-widget elementor-widget-text-editor\" data-id=\"e342adf\" data-element_type=\"widget\" data-widget_type=\"text-editor.default\">\n\t\t\t\t<div class=\"elementor-widget-container\">\n\t\t\t<style>\/*! elementor - v3.21.0 - 26-05-2024 *\/\n.elementor-widget-text-editor.elementor-drop-cap-view-stacked .elementor-drop-cap{background-color:#69727d;color:#fff}.elementor-widget-text-editor.elementor-drop-cap-view-framed .elementor-drop-cap{color:#69727d;border:3px solid;background-color:transparent}.elementor-widget-text-editor:not(.elementor-drop-cap-view-default) .elementor-drop-cap{margin-top:8px}.elementor-widget-text-editor:not(.elementor-drop-cap-view-default) .elementor-drop-cap-letter{width:1em;height:1em}.elementor-widget-text-editor .elementor-drop-cap{float:left;text-align:center;line-height:1;font-size:50px}.elementor-widget-text-editor .elementor-drop-cap-letter{display:inline-block}<\/style>\t\t\t\t<p>Puisqu&#8217;il est toujours mieux de savoir \u00e0 qui l&#8217;on s&#8217;adresse, je vous propose ici de faire un peu connaissance avec moi. D&#8217;o\u00f9 je viens, ce dont je r\u00eave&#8230;<\/p>\t\t\t\t\t\t<\/div>\n\t\t\t\t<\/div>\n\t\t\t\t\t<\/div>\n\t\t<\/div>\n\t\t\t\t\t<\/div>\n\t\t<\/section>\n\t\t\t\t<section class=\"elementor-section elementor-top-section elementor-element elementor-element-olefdom elementor-section-content-middle elementor-section-boxed elementor-section-height-default elementor-section-height-default\" data-id=\"olefdom\" data-element_type=\"section\" data-settings=\"{&quot;background_background&quot;:&quot;classic&quot;}\">\n\t\t\t\t\t\t\t<div class=\"elementor-background-overlay\"><\/div>\n\t\t\t\t\t\t\t<div class=\"elementor-container elementor-column-gap-no\">\n\t\t\t\t\t<div class=\"elementor-column elementor-col-50 elementor-top-column elementor-element elementor-element-957c1a9\" data-id=\"957c1a9\" data-element_type=\"column\">\n\t\t\t<div class=\"elementor-widget-wrap elementor-element-populated\">\n\t\t\t\t\t\t<div class=\"elementor-element elementor-element-fd47f1d elementor-widget elementor-widget-image\" data-id=\"fd47f1d\" data-element_type=\"widget\" data-widget_type=\"image.default\">\n\t\t\t\t<div class=\"elementor-widget-container\">\n\t\t\t<style>\/*! elementor - v3.21.0 - 26-05-2024 *\/\n.elementor-widget-image{text-align:center}.elementor-widget-image a{display:inline-block}.elementor-widget-image a img[src$=\".svg\"]{width:48px}.elementor-widget-image img{vertical-align:middle;display:inline-block}<\/style>\t\t\t\t\t\t\t\t\t\t<img fetchpriority=\"high\" decoding=\"async\" width=\"2048\" height=\"1536\" src=\"https:\/\/nienna-alwee.fr\/wp-content\/uploads\/2022\/08\/DSCF2365-2048x1536.jpg\" class=\"attachment-2048x2048 size-2048x2048 wp-image-1486\" alt=\"\" srcset=\"https:\/\/nienna-alwee.fr\/wp-content\/uploads\/2022\/08\/DSCF2365-2048x1536.jpg 2048w, https:\/\/nienna-alwee.fr\/wp-content\/uploads\/2022\/08\/DSCF2365-300x225.jpg 300w, https:\/\/nienna-alwee.fr\/wp-content\/uploads\/2022\/08\/DSCF2365-1024x768.jpg 1024w, https:\/\/nienna-alwee.fr\/wp-content\/uploads\/2022\/08\/DSCF2365-768x576.jpg 768w, https:\/\/nienna-alwee.fr\/wp-content\/uploads\/2022\/08\/DSCF2365-1536x1152.jpg 1536w, https:\/\/nienna-alwee.fr\/wp-content\/uploads\/2022\/08\/DSCF2365-600x450.jpg 600w\" sizes=\"(max-width: 2048px) 100vw, 2048px\" \/>\t\t\t\t\t\t\t\t\t\t\t\t\t<\/div>\n\t\t\t\t<\/div>\n\t\t\t\t\t<\/div>\n\t\t<\/div>\n\t\t\t\t<div class=\"elementor-column elementor-col-50 elementor-top-column elementor-element elementor-element-75109e3\" data-id=\"75109e3\" data-element_type=\"column\">\n\t\t\t<div class=\"elementor-widget-wrap elementor-element-populated\">\n\t\t\t\t\t\t<div class=\"elementor-element elementor-element-27a622b elementor-widget elementor-widget-text-editor\" data-id=\"27a622b\" data-element_type=\"widget\" data-widget_type=\"text-editor.default\">\n\t\t\t\t<div class=\"elementor-widget-container\">\n\t\t\t\t\t\t\t<p>Qu&#8217;est-ce qu&#8217;il est difficile de se pr\u00e9senter, n&#8217;est-ce pas ? Personnellement je ne sais jamais vraiment par o\u00f9 commencer.\u00a0<\/p><p>\u00c0 vous qui me lisez, enchant\u00e9e de faire votre connaissance, je m&#8217;appelle Nienna de mon nom de bapt\u00eame pa\u00efen, ou plut\u00f4t Nienna Alwee Eulalyie si on veut \u00eatre plus complet.\u00a0<\/p><p>J&#8217;\u00e9volue depuis petite dans les spiritualit\u00e9s et la sorcellerie, et j&#8217;ai connu le bonheur de devenir pr\u00eatresse pa\u00efenne il y a 3 ans maintenant. Depuis, j&#8217;exerce. Je donne des bapt\u00eames, des renaissances, mais aussi et surtout des mariages (et les dieux seuls savent \u00e0 quel point j&#8217;adore \u00e7a !).\u00a0<\/p><p>Il y a quatre ans, j&#8217;ai fond\u00e9 mon propre coven, le coven de la Lame Blanche. Il est d&#8217;un c\u00f4t\u00e9 profond\u00e9ment solennel et anim\u00e9 par l&#8217;envie de c\u00e9l\u00e9brer la Nature et les Dieux, de l&#8217;autre tr\u00e8s bon enfant, d\u00e9sireux de simplement passer un bon moment autour d&#8217;un banquet avec d&#8217;autres pratiquants.\u00a0<\/p><p>\u00a0<\/p>\t\t\t\t\t\t<\/div>\n\t\t\t\t<\/div>\n\t\t\t\t\t<\/div>\n\t\t<\/div>\n\t\t\t\t\t<\/div>\n\t\t<\/section>\n\t\t\t\t<section class=\"elementor-section elementor-top-section elementor-element elementor-element-54fcca7 elementor-section-boxed elementor-section-height-default elementor-section-height-default\" data-id=\"54fcca7\" data-element_type=\"section\">\n\t\t\t\t\t\t<div class=\"elementor-container elementor-column-gap-default\">\n\t\t\t\t\t<div class=\"elementor-column elementor-col-100 elementor-top-column elementor-element elementor-element-46e3ec2\" data-id=\"46e3ec2\" data-element_type=\"column\">\n\t\t\t<div class=\"elementor-widget-wrap elementor-element-populated\">\n\t\t\t\t\t\t<div class=\"elementor-element elementor-element-b6610b4 elementor-widget elementor-widget-text-editor\" data-id=\"b6610b4\" data-element_type=\"widget\" data-widget_type=\"text-editor.default\">\n\t\t\t\t<div class=\"elementor-widget-container\">\n\t\t\t\t\t\t\t<p>Grande romantique, j&#8217;ai des r\u00eaves pleins la t\u00eate, et un assez mauvais caract\u00e8re pour les r\u00e9aliser pleinement (c&#8217;est qu&#8217;il faut \u00eatre t\u00eate de mule parfois pour avoir ce que l&#8217;on veut !).&nbsp;<\/p>\n<p>Je suis d&#8217;ailleurs bien trop perfectionniste, et bien qu&#8217;il est possible de ne pas croire en l&#8217;astrologie, je suis un parfait st\u00e9r\u00e9otype de mon signe solaire. Une vierge bien terre \u00e0 terre et bien organis\u00e9e. D&#8217;ailleurs, on me surnomme &#8220;la sorci\u00e8re organis\u00e9e&#8221; sur les r\u00e9seaux sociaux. Alors que je ne vois jamais le sol dans ma pi\u00e8ce de pratique&#8230; paradoxal non ?<\/p>\n<p>En devenant Pr\u00eatresse, je tenais absolument \u00e0 rester moderne, et \u00e0 partager ma passion pour la sorcellerie et le paganisme sur les r\u00e9seaux. J&#8217;ai donc cr\u00e9\u00e9 une page Instagram dans ce but, ainsi qu&#8217;un TikTok plus r\u00e9cemment.&nbsp;<\/p>\n<p>J&#8217;ai eu un parcours scolaire assez classique, passionn\u00e9e de lecture et de po\u00e9sie, j&#8217;ai d&#8217;abord fait une licence de lettres modernes pour ensuite obtenir un master en communication. J&#8217;aime \u00e0 ce sujet tellement l&#8217;\u00e9cole, que j&#8217;ai fini par cr\u00e9er la mienne&#8230;<\/p>\n<p>Depuis plus de six ans maintenant, j&#8217;enseigne ce que l&#8217;on m&#8217;a transmis, ainsi que ce que j&#8217;ai gagn\u00e9 par les recherches ou l&#8217;exp\u00e9rience. Il y a quatre ans, j&#8217;ouvrais&nbsp; l&#8217;\u00e9cole de Minuit, l&#8217;une des premi\u00e8res \u00e9coles de sorcellerie en ligne, dans le but d&#8217;aider les autres \u00e0 trouver leurs propres chemins en leurs faisant d\u00e9couvrir beaucoup de domaines diff\u00e9rents, parce que je suis convaincue que c&#8217;est par la curiosit\u00e9 qu&#8217;on apprend le mieux.&nbsp;<\/p>\n<p>Assez vite, j&#8217;ai su ce que je voulais faire dans la vie, devenir pr\u00eatresse, aider les autres, cr\u00e9er du lien entre les communaut\u00e9s. Mais aussi transmettre, enseigner, \u00e9crire, que ce soit \u00e0 travers des cours, des conf\u00e9rences, ou encore des livres. Mon premier ouvrage para\u00eetra d&#8217;ailleurs en Octobre 2022, aux \u00e9ditions Dana\u00e9, et j&#8217;en suis particuli\u00e8rement fi\u00e8re.&nbsp;<\/p>\n<p>Au niveau de ma pratique, j&#8217;aime me d\u00e9finir comme une exploratrice sans \u00eatre chaote pour autant. Ce que j&#8217;aime le plus en sorcellerie, c&#8217;est chercher, \u00e9chouer, recommencer, et farfouiller dans tous les sens. R\u00e9ussir, puis tout remettre en question pour recommencer encore. La sorcellerie est une qu\u00eate sans fin qui nourrit l&#8217;\u00e2me sur le chemin.&nbsp;<\/p>\n<p>J&#8217;aime \u00e9norm\u00e9ment ce que j&#8217;appelle la magie arcanique (la magie des mots), la g\u00e9om\u00e9trie sacr\u00e9e, mais aussi la cuisine rituelle. J&#8217;ai aussi \u00e9norm\u00e9ment \u00e9tudi\u00e9 les r\u00eaves et le sommeil, notamment avec l&#8217;oniromancie qui m&#8217;a toujours passionn\u00e9.&nbsp;<\/p>\n<p>Du point de vue religieux, je suis Hell\u00e9niste moderniste. Ce qui veut dire que je crois et prie les Divinit\u00e9s de la Gr\u00e8ce antique, notamment les Olympiens mais pas seulement. Je suis d\u00e9vote de deux divinit\u00e9s, Hestia et H\u00e9ra, mais pr\u00eatresse d&#8217;une seule : Nyx, la m\u00e8re de la nuit.&nbsp;<\/p>\n<p>Si j&#8217;ai cr\u00e9\u00e9 ce blog qui me faisait envie depuis longtemps (merci ch\u00e9ri d&#8217;ailleurs), ce n&#8217;est pas seulement pour ouvrir ma boutique, mais aussi et surtout pour partager encore plus, sans me limiter aux \u00e9chantillons propos\u00e9s par Instagram. Ici donc, je vous partagerai sans pression et avec passion, tout ce dont j&#8217;ai envie de vous parler.&nbsp;<\/p>\n<p>Sorcellerie, Hell\u00e9nisme, Reviews, Coups de gueule, Exp\u00e9riences bancales, R\u00e9flexions philosophiques de comptoir. Ici vous \u00eates chez moi. Un endroit o\u00f9 je veux partager, un lieu dont je suis l&#8217;h\u00f4te, et vous \u00eates mes chers invit\u00e9. J&#8217;esp\u00e8re que vous vous sentirez chez vous ici, et que vous passerez un bon s\u00e9jour en ma compagnie.<\/p>\n<p>\u00c0 bient\u00f4t,&nbsp;<\/p>\n<p>Nienna&nbsp;<\/p>\t\t\t\t\t\t<\/div>\n\t\t\t\t<\/div>\n\t\t\t\t\t<\/div>\n\t\t<\/div>\n\t\t\t\t\t<\/div>\n\t\t<\/section>\n\t\t\t\t<section class=\"elementor-section elementor-top-section elementor-element elementor-element-39c3986 elementor-section-boxed elementor-section-height-default elementor-section-height-default\" data-id=\"39c3986\" data-element_type=\"section\" data-settings=\"{&quot;background_background&quot;:&quot;classic&quot;}\">\n\t\t\t\t\t\t<div class=\"elementor-container elementor-column-gap-no\">\n\t\t\t\t\t<div class=\"elementor-column elementor-col-100 elementor-top-column elementor-element elementor-element-49303e4\" data-id=\"49303e4\" data-element_type=\"column\">\n\t\t\t<div class=\"elementor-widget-wrap elementor-element-populated\">\n\t\t\t\t\t\t<div class=\"elementor-element elementor-element-56cee44 elementor-widget elementor-widget-heading\" data-id=\"56cee44\" data-element_type=\"widget\" data-widget_type=\"heading.default\">\n\t\t\t\t<div class=\"elementor-widget-container\">\n\t\t\t<h2 class=\"elementor-heading-title elementor-size-default\">Mes projets actuels<\/h2>\t\t<\/div>\n\t\t\t\t<\/div>\n\t\t\t\t<div class=\"elementor-element elementor-element-9dedc70 elementor-widget elementor-widget-text-editor\" data-id=\"9dedc70\" data-element_type=\"widget\" data-widget_type=\"text-editor.default\">\n\t\t\t\t<div class=\"elementor-widget-container\">\n\t\t\t\t\t\t\t<p>Toujours en pleine recherche de nouveaut\u00e9s, il m&#8217;arrive d&#8217;entreprendre des projets originaux de mani\u00e8re tr\u00e8s ponctuelle. Livres pour enfants, balades cont\u00e9es&#8230; Si vous cherchez toutes mes nouveaut\u00e9s, c&#8217;est ici que vous les trouverez !<\/p>\t\t\t\t\t\t<\/div>\n\t\t\t\t<\/div>\n\t\t\t\t<section class=\"elementor-section elementor-inner-section elementor-element elementor-element-67c7a95 elementor-section-content-middle elementor-section-boxed elementor-section-height-default elementor-section-height-default\" data-id=\"67c7a95\" data-element_type=\"section\">\n\t\t\t\t\t\t<div class=\"elementor-container elementor-column-gap-no\">\n\t\t\t\t\t<div class=\"elementor-column elementor-col-25 elementor-inner-column elementor-element elementor-element-41fbcf7\" data-id=\"41fbcf7\" data-element_type=\"column\" data-settings=\"{&quot;background_background&quot;:&quot;classic&quot;}\">\n\t\t\t<div class=\"elementor-widget-wrap elementor-element-populated\">\n\t\t\t\t\t\t<div class=\"elementor-element elementor-element-846d774 elementor-widget elementor-widget-image\" data-id=\"846d774\" data-element_type=\"widget\" data-widget_type=\"image.default\">\n\t\t\t\t<div class=\"elementor-widget-container\">\n\t\t\t\t\t\t\t\t\t\t\t\t\t\t<a href=\"https:\/\/www.patreon.com\/Eunoia_\">\n\t\t\t\t\t\t\t<img decoding=\"async\" width=\"100\" height=\"100\" src=\"https:\/\/nienna-alwee.fr\/wp-content\/uploads\/2022\/08\/Apropos-Patreon.svg\" class=\"attachment-large size-large wp-image-1319\" alt=\"\" \/>\t\t\t\t\t\t\t\t<\/a>\n\t\t\t\t\t\t\t\t\t\t\t\t\t<\/div>\n\t\t\t\t<\/div>\n\t\t\t\t\t<\/div>\n\t\t<\/div>\n\t\t\t\t<div class=\"elementor-column elementor-col-25 elementor-inner-column elementor-element elementor-element-d28a9c2\" data-id=\"d28a9c2\" data-element_type=\"column\" data-settings=\"{&quot;background_background&quot;:&quot;classic&quot;}\">\n\t\t\t<div class=\"elementor-widget-wrap elementor-element-populated\">\n\t\t\t\t\t\t<div class=\"elementor-element elementor-element-700edc4 elementor-widget elementor-widget-image\" data-id=\"700edc4\" data-element_type=\"widget\" data-widget_type=\"image.default\">\n\t\t\t\t<div class=\"elementor-widget-container\">\n\t\t\t\t\t\t\t\t\t\t\t\t\t\t<a href=\"https:\/\/linktr.ee\/nienna.alwee\">\n\t\t\t\t\t\t\t<img decoding=\"async\" width=\"100\" height=\"100\" src=\"https:\/\/nienna-alwee.fr\/wp-content\/uploads\/2022\/08\/Apropos-Linktree.svg\" class=\"attachment-large size-large wp-image-1321\" alt=\"\" \/>\t\t\t\t\t\t\t\t<\/a>\n\t\t\t\t\t\t\t\t\t\t\t\t\t<\/div>\n\t\t\t\t<\/div>\n\t\t\t\t\t<\/div>\n\t\t<\/div>\n\t\t\t\t<div class=\"elementor-column elementor-col-25 elementor-inner-column elementor-element elementor-element-0f38df5\" data-id=\"0f38df5\" data-element_type=\"column\" data-settings=\"{&quot;background_background&quot;:&quot;classic&quot;}\">\n\t\t\t<div class=\"elementor-widget-wrap elementor-element-populated\">\n\t\t\t\t\t\t<div class=\"elementor-element elementor-element-018fd6f elementor-widget elementor-widget-image\" data-id=\"018fd6f\" data-element_type=\"widget\" data-widget_type=\"image.default\">\n\t\t\t\t<div class=\"elementor-widget-container\">\n\t\t\t\t\t\t\t\t\t\t\t\t\t\t<a href=\"https:\/\/nienna-alwee.fr\/?page_id=1277\">\n\t\t\t\t\t\t\t<img loading=\"lazy\" decoding=\"async\" width=\"100\" height=\"100\" src=\"https:\/\/nienna-alwee.fr\/wp-content\/uploads\/2022\/08\/Apropos-Articles.svg\" class=\"attachment-large size-large wp-image-1322\" alt=\"\" \/>\t\t\t\t\t\t\t\t<\/a>\n\t\t\t\t\t\t\t\t\t\t\t\t\t<\/div>\n\t\t\t\t<\/div>\n\t\t\t\t\t<\/div>\n\t\t<\/div>\n\t\t\t\t<div class=\"elementor-column elementor-col-25 elementor-inner-column elementor-element elementor-element-a8872f4\" data-id=\"a8872f4\" data-element_type=\"column\" data-settings=\"{&quot;background_background&quot;:&quot;classic&quot;}\">\n\t\t\t<div class=\"elementor-widget-wrap elementor-element-populated\">\n\t\t\t\t\t\t<div class=\"elementor-element elementor-element-dfa5c4e elementor-widget elementor-widget-image\" data-id=\"dfa5c4e\" data-element_type=\"widget\" data-widget_type=\"image.default\">\n\t\t\t\t<div class=\"elementor-widget-container\">\n\t\t\t\t\t\t\t\t\t\t\t\t\t\t<a href=\"https:\/\/nienna-alwee.fr\/?post_type=product\">\n\t\t\t\t\t\t\t<img loading=\"lazy\" decoding=\"async\" width=\"100\" height=\"100\" src=\"https:\/\/nienna-alwee.fr\/wp-content\/uploads\/2022\/08\/Apropos-Boutique.svg\" class=\"attachment-large size-large wp-image-1323\" alt=\"\" \/>\t\t\t\t\t\t\t\t<\/a>\n\t\t\t\t\t\t\t\t\t\t\t\t\t<\/div>\n\t\t\t\t<\/div>\n\t\t\t\t\t<\/div>\n\t\t<\/div>\n\t\t\t\t\t<\/div>\n\t\t<\/section>\n\t\t\t\t\t<\/div>\n\t\t<\/div>\n\t\t\t\t\t<\/div>\n\t\t<\/section>\n\t\t\t\t<\/div>\n\t\t","protected":false},"excerpt":{"rendered":"<p>\u00c0 Propos de moi Puisqu&#8217;il est toujours mieux de savoir \u00e0 qui l&#8217;on s&#8217;adresse, je vous propose ici de faire un peu connaissance avec moi. D&#8217;o\u00f9 je viens, ce dont je r\u00eave&#8230; Qu&#8217;est-ce qu&#8217;il est difficile de se pr\u00e9senter, n&#8217;est-ce pas ? Personnellement je ne sais jamais vraiment par o\u00f9 commencer.\u00a0 \u00c0 vous qui me &hellip;<\/p>\n<p class=\"read-more\"> <a class=\"\" href=\"https:\/\/nienna-alwee.fr\/?page_id=1184\"> <span class=\"screen-reader-text\">\u00c0 Propos<\/span> Read More &raquo;<\/a><\/p>\n","protected":false},"author":1,"featured_media":0,"parent":0,"menu_order":0,"comment_status":"closed","ping_status":"closed","template":"","meta":{"om_disable_all_campaigns":false,"_uag_custom_page_level_css":"","_monsterinsights_skip_tracking":false,"_monsterinsights_sitenote_active":false,"_monsterinsights_sitenote_note":"","_monsterinsights_sitenote_category":0,"site-sidebar-layout":"no-sidebar","site-content-layout":"page-builder","ast-global-header-display":"","ast-main-header-display":"","ast-hfb-above-header-display":"","ast-hfb-below-header-display":"","ast-hfb-mobile-header-display":"","site-post-title":"disabled","ast-breadcrumbs-content":"","ast-featured-img":"disabled","footer-sml-layout":"","theme-transparent-header-meta":"enabled","adv-header-id-meta":"","stick-header-meta":"","header-above-stick-meta":"","header-main-stick-meta":"","header-below-stick-meta":"","footnotes":""},"aioseo_notices":[],"uagb_featured_image_src":{"full":false,"thumbnail":false,"medium":false,"medium_large":false,"large":false,"1536x1536":false,"2048x2048":false,"woocommerce_thumbnail":false,"woocommerce_single":false,"woocommerce_gallery_thumbnail":false},"uagb_author_info":{"display_name":"Nienna Alwee","author_link":"https:\/\/nienna-alwee.fr\/?author=1"},"uagb_comment_info":0,"uagb_excerpt":"\u00c0 Propos de moi Puisqu&#8217;il est toujours mieux de savoir \u00e0 qui l&#8217;on s&#8217;adresse, je vous propose ici de faire un peu connaissance avec moi. D&#8217;o\u00f9 je viens, ce dont je r\u00eave&#8230; Qu&#8217;est-ce qu&#8217;il est difficile de se pr\u00e9senter, n&#8217;est-ce pas ? Personnellement je ne sais jamais vraiment par o\u00f9 commencer.\u00a0 \u00c0 vous qui me&hellip;","_links":{"self":[{"href":"https:\/\/nienna-alwee.fr\/index.php?rest_route=\/wp\/v2\/pages\/1184"}],"collection":[{"href":"https:\/\/nienna-alwee.fr\/index.php?rest_route=\/wp\/v2\/pages"}],"about":[{"href":"https:\/\/nienna-alwee.fr\/index.php?rest_route=\/wp\/v2\/types\/page"}],"author":[{"embeddable":true,"href":"https:\/\/nienna-alwee.fr\/index.php?rest_route=\/wp\/v2\/users\/1"}],"replies":[{"embeddable":true,"href":"https:\/\/nienna-alwee.fr\/index.php?rest_route=%2Fwp%2Fv2%2Fcomments&post=1184"}],"version-history":[{"count":23,"href":"https:\/\/nienna-alwee.fr\/index.php?rest_route=\/wp\/v2\/pages\/1184\/revisions"}],"predecessor-version":[{"id":1605,"href":"https:\/\/nienna-alwee.fr\/index.php?rest_route=\/wp\/v2\/pages\/1184\/revisions\/1605"}],"wp:attachment":[{"href":"https:\/\/nienna-alwee.fr\/index.php?rest_route=%2Fwp%2Fv2%2Fmedia&parent=1184"}],"curies":[{"name":"wp","href":"https:\/\/api.w.org\/{rel}","templated":true}]}}