{"id":1277,"date":"2022-08-02T09:31:17","date_gmt":"2022-08-02T09:31:17","guid":{"rendered":"https:\/\/nienna-alwee.fr\/?page_id=1277"},"modified":"2022-08-05T19:37:32","modified_gmt":"2022-08-05T19:37:32","slug":"liste-des-articles","status":"publish","type":"page","link":"https:\/\/nienna-alwee.fr\/?page_id=1277","title":{"rendered":"Liste des Articles"},"content":{"rendered":"\t\t<div data-elementor-type=\"wp-page\" data-elementor-id=\"1277\" class=\"elementor elementor-1277\" data-elementor-post-type=\"page\">\n\t\t\t\t\t\t<section class=\"elementor-section elementor-top-section elementor-element elementor-element-86b8327 elementor-section-boxed elementor-section-height-default elementor-section-height-default\" data-id=\"86b8327\" data-element_type=\"section\">\n\t\t\t\t\t\t<div class=\"elementor-container elementor-column-gap-default\">\n\t\t\t\t\t<div class=\"elementor-column elementor-col-100 elementor-top-column elementor-element elementor-element-0e373c8\" data-id=\"0e373c8\" data-element_type=\"column\">\n\t\t\t<div class=\"elementor-widget-wrap elementor-element-populated\">\n\t\t\t\t\t\t<div class=\"elementor-element elementor-element-a6806d1 hfe-search-layout-icon_text elementor-widget elementor-widget-hfe-search-button\" data-id=\"a6806d1\" data-element_type=\"widget\" data-settings=\"{&quot;size&quot;:{&quot;unit&quot;:&quot;px&quot;,&quot;size&quot;:50,&quot;sizes&quot;:[]},&quot;size_tablet&quot;:{&quot;unit&quot;:&quot;px&quot;,&quot;size&quot;:&quot;&quot;,&quot;sizes&quot;:[]},&quot;size_mobile&quot;:{&quot;unit&quot;:&quot;px&quot;,&quot;size&quot;:&quot;&quot;,&quot;sizes&quot;:[]},&quot;icon_size&quot;:{&quot;unit&quot;:&quot;px&quot;,&quot;size&quot;:&quot;16&quot;,&quot;sizes&quot;:[]},&quot;icon_size_tablet&quot;:{&quot;unit&quot;:&quot;px&quot;,&quot;size&quot;:&quot;&quot;,&quot;sizes&quot;:[]},&quot;icon_size_mobile&quot;:{&quot;unit&quot;:&quot;px&quot;,&quot;size&quot;:&quot;&quot;,&quot;sizes&quot;:[]},&quot;button_width&quot;:{&quot;unit&quot;:&quot;px&quot;,&quot;size&quot;:&quot;&quot;,&quot;sizes&quot;:[]},&quot;button_width_tablet&quot;:{&quot;unit&quot;:&quot;px&quot;,&quot;size&quot;:&quot;&quot;,&quot;sizes&quot;:[]},&quot;button_width_mobile&quot;:{&quot;unit&quot;:&quot;px&quot;,&quot;size&quot;:&quot;&quot;,&quot;sizes&quot;:[]},&quot;close_icon_size&quot;:{&quot;unit&quot;:&quot;px&quot;,&quot;size&quot;:&quot;20&quot;,&quot;sizes&quot;:[]},&quot;close_icon_size_tablet&quot;:{&quot;unit&quot;:&quot;px&quot;,&quot;size&quot;:&quot;&quot;,&quot;sizes&quot;:[]},&quot;close_icon_size_mobile&quot;:{&quot;unit&quot;:&quot;px&quot;,&quot;size&quot;:&quot;&quot;,&quot;sizes&quot;:[]}}\" data-widget_type=\"hfe-search-button.default\">\n\t\t\t\t<div class=\"elementor-widget-container\">\n\t\t\t\t\t<form class=\"hfe-search-button-wrapper\" role=\"search\" action=\"https:\/\/nienna-alwee.fr\" method=\"get\">\n\t\t\t\t\t\t<div class=\"hfe-search-form__container\" role=\"tablist\">\n\t\t\t\t\t\t\t\t\t<input placeholder=\"Rechercher...\" class=\"hfe-search-form__input\" type=\"search\" name=\"s\" title=\"Search\" value=\"\">\n\t\t\t\t\t<button id=\"clear-with-button\" type=\"reset\">\n\t\t\t\t\t\t<i class=\"fas fa-times\" aria-hidden=\"true\"><\/i>\n\t\t\t\t\t<\/button>\n\t\t\t\t\t<button class=\"hfe-search-submit\" type=\"submit\">\n\t\t\t\t\t\t<i class=\"fas fa-search\" aria-hidden=\"true\"><\/i>\n\t\t\t\t\t<\/button>\n\t\t\t\t\t\t\t<\/div>\n\t\t\t\t<\/form>\n\t\t\t\t<\/div>\n\t\t\t\t<\/div>\n\t\t\t\t\t<\/div>\n\t\t<\/div>\n\t\t\t\t\t<\/div>\n\t\t<\/section>\n\t\t\t\t<section class=\"elementor-section elementor-top-section elementor-element elementor-element-afe2665 elementor-section-boxed elementor-section-height-default elementor-section-height-default\" data-id=\"afe2665\" data-element_type=\"section\">\n\t\t\t\t\t\t<div class=\"elementor-container elementor-column-gap-default\">\n\t\t\t\t\t<div class=\"elementor-column elementor-col-100 elementor-top-column elementor-element elementor-element-f8087be\" data-id=\"f8087be\" data-element_type=\"column\">\n\t\t\t<div class=\"elementor-widget-wrap elementor-element-populated\">\n\t\t\t\t\t\t<div class=\"elementor-element elementor-element-b5d0c2b elementor-grid-1 elementor-grid-tablet-2 elementor-grid-mobile-1 elementor-posts--thumbnail-top elementor-widget elementor-widget-posts\" data-id=\"b5d0c2b\" data-element_type=\"widget\" data-settings=\"{&quot;classic_columns&quot;:&quot;1&quot;,&quot;classic_columns_tablet&quot;:&quot;2&quot;,&quot;classic_columns_mobile&quot;:&quot;1&quot;,&quot;classic_row_gap&quot;:{&quot;unit&quot;:&quot;px&quot;,&quot;size&quot;:35,&quot;sizes&quot;:[]},&quot;classic_row_gap_tablet&quot;:{&quot;unit&quot;:&quot;px&quot;,&quot;size&quot;:&quot;&quot;,&quot;sizes&quot;:[]},&quot;classic_row_gap_mobile&quot;:{&quot;unit&quot;:&quot;px&quot;,&quot;size&quot;:&quot;&quot;,&quot;sizes&quot;:[]}}\" data-widget_type=\"posts.classic\">\n\t\t\t\t<div class=\"elementor-widget-container\">\n\t\t\t<link rel=\"stylesheet\" href=\"https:\/\/nienna-alwee.fr\/wp-content\/plugins\/elementor-pro\/assets\/css\/widget-posts.min.css\">\t\t<div class=\"elementor-posts-container elementor-posts elementor-posts--skin-classic elementor-grid\">\n\t\t\t\t<article class=\"elementor-post elementor-grid-item post-1529 post type-post status-publish format-standard has-post-thumbnail hentry category-sorcellerie\">\n\t\t\t\t<a class=\"elementor-post__thumbnail__link\" href=\"https:\/\/nienna-alwee.fr\/?p=1529\" tabindex=\"-1\" target=&quot;_blank&quot;>\n\t\t\t<div class=\"elementor-post__thumbnail\"><img fetchpriority=\"high\" decoding=\"async\" width=\"1024\" height=\"769\" src=\"https:\/\/nienna-alwee.fr\/wp-content\/uploads\/2022\/09\/IMG_20220919_103944-1024x769.jpg\" class=\"attachment-large size-large wp-image-1550\" alt=\"\" srcset=\"https:\/\/nienna-alwee.fr\/wp-content\/uploads\/2022\/09\/IMG_20220919_103944-1024x769.jpg 1024w, https:\/\/nienna-alwee.fr\/wp-content\/uploads\/2022\/09\/IMG_20220919_103944-300x225.jpg 300w, https:\/\/nienna-alwee.fr\/wp-content\/uploads\/2022\/09\/IMG_20220919_103944-768x577.jpg 768w, https:\/\/nienna-alwee.fr\/wp-content\/uploads\/2022\/09\/IMG_20220919_103944-1536x1153.jpg 1536w, https:\/\/nienna-alwee.fr\/wp-content\/uploads\/2022\/09\/IMG_20220919_103944-2048x1538.jpg 2048w, https:\/\/nienna-alwee.fr\/wp-content\/uploads\/2022\/09\/IMG_20220919_103944-600x451.jpg 600w\" sizes=\"(max-width: 1024px) 100vw, 1024px\" \/><\/div>\n\t\t<\/a>\n\t\t\t\t<div class=\"elementor-post__text\">\n\t\t\t\t<h3 class=\"elementor-post__title\">\n\t\t\t<a href=\"https:\/\/nienna-alwee.fr\/?p=1529\" target=&quot;_blank&quot;>\n\t\t\t\tCr\u00e9ation d&#8217;un balai de sorci\u00e8re\t\t\t<\/a>\n\t\t<\/h3>\n\t\t\t\t<div class=\"elementor-post__meta-data\">\n\t\t\t\t\t<span class=\"elementor-post-date\">\n\t\t\tSeptember 21, 2022\t\t<\/span>\n\t\t\t\t<span class=\"elementor-post-avatar\">\n\t\t\t1 Comment\t\t<\/span>\n\t\t\t\t<\/div>\n\t\t\t\t<div class=\"elementor-post__excerpt\">\n\t\t\t<p>Aujourd\u2019hui, lorsqu\u2019un enfant dessine une sorci\u00e8re, il la repr\u00e9sente rarement sans son balai. Le balai fait partie int\u00e9grante de la panoplie de la sorci\u00e8re, aux<\/p>\n\t\t<\/div>\n\t\t\n\t\t<a class=\"elementor-post__read-more\" href=\"https:\/\/nienna-alwee.fr\/?p=1529\" aria-label=\"Read more about Cr\u00e9ation d&#8217;un balai de sorci\u00e8re\" tabindex=\"-1\" target=\"_blank\">\n\t\t\tLire \u00bb\t\t<\/a>\n\n\t\t\t\t<\/div>\n\t\t\t\t<\/article>\n\t\t\t\t<article class=\"elementor-post elementor-grid-item post-1366 post type-post status-publish format-standard has-post-thumbnail hentry category-sorcellerie\">\n\t\t\t\t<a class=\"elementor-post__thumbnail__link\" href=\"https:\/\/nienna-alwee.fr\/?p=1366\" tabindex=\"-1\" target=&quot;_blank&quot;>\n\t\t\t<div class=\"elementor-post__thumbnail\"><img decoding=\"async\" width=\"1024\" height=\"682\" src=\"https:\/\/nienna-alwee.fr\/wp-content\/uploads\/2022\/08\/hand-1281649_1920.webp\" class=\"attachment-large size-large wp-image-1369\" alt=\"\" srcset=\"https:\/\/nienna-alwee.fr\/wp-content\/uploads\/2022\/08\/hand-1281649_1920.webp 1024w, https:\/\/nienna-alwee.fr\/wp-content\/uploads\/2022\/08\/hand-1281649_1920-300x200.webp 300w, https:\/\/nienna-alwee.fr\/wp-content\/uploads\/2022\/08\/hand-1281649_1920-768x512.webp 768w, https:\/\/nienna-alwee.fr\/wp-content\/uploads\/2022\/08\/hand-1281649_1920-600x400.webp 600w\" sizes=\"(max-width: 1024px) 100vw, 1024px\" \/><\/div>\n\t\t<\/a>\n\t\t\t\t<div class=\"elementor-post__text\">\n\t\t\t\t<h3 class=\"elementor-post__title\">\n\t\t\t<a href=\"https:\/\/nienna-alwee.fr\/?p=1366\" target=&quot;_blank&quot;>\n\t\t\t\tAlternatives et r\u00e9flexions pour une pratique responsable\t\t\t<\/a>\n\t\t<\/h3>\n\t\t\t\t<div class=\"elementor-post__meta-data\">\n\t\t\t\t\t<span class=\"elementor-post-date\">\n\t\t\tAugust 5, 2022\t\t<\/span>\n\t\t\t\t<span class=\"elementor-post-avatar\">\n\t\t\t3 Comments\t\t<\/span>\n\t\t\t\t<\/div>\n\t\t\t\t<div class=\"elementor-post__excerpt\">\n\t\t\t<p>\u201cTout ce dont tu as besoin est \u00e0 port\u00e9e de main\u201d&nbsp;il s\u2019agit d\u2019une phrase que mon sage papa me r\u00e9p\u00e8te r\u00e9guli\u00e8rement. Depuis l\u2019enfance, il s\u2019agit<\/p>\n\t\t<\/div>\n\t\t\n\t\t<a class=\"elementor-post__read-more\" href=\"https:\/\/nienna-alwee.fr\/?p=1366\" aria-label=\"Read more about Alternatives et r\u00e9flexions pour une pratique responsable\" tabindex=\"-1\" target=\"_blank\">\n\t\t\tLire \u00bb\t\t<\/a>\n\n\t\t\t\t<\/div>\n\t\t\t\t<\/article>\n\t\t\t\t<article class=\"elementor-post elementor-grid-item post-1353 post type-post status-publish format-standard has-post-thumbnail hentry category-hellenisme\">\n\t\t\t\t<a class=\"elementor-post__thumbnail__link\" href=\"https:\/\/nienna-alwee.fr\/?p=1353\" tabindex=\"-1\" target=&quot;_blank&quot;>\n\t\t\t<div class=\"elementor-post__thumbnail\"><img decoding=\"async\" width=\"1024\" height=\"575\" src=\"https:\/\/nienna-alwee.fr\/wp-content\/uploads\/2022\/08\/sunset-4594491_1920.webp\" class=\"attachment-large size-large wp-image-1358\" alt=\"\" srcset=\"https:\/\/nienna-alwee.fr\/wp-content\/uploads\/2022\/08\/sunset-4594491_1920.webp 1024w, https:\/\/nienna-alwee.fr\/wp-content\/uploads\/2022\/08\/sunset-4594491_1920-300x168.webp 300w, https:\/\/nienna-alwee.fr\/wp-content\/uploads\/2022\/08\/sunset-4594491_1920-768x431.webp 768w, https:\/\/nienna-alwee.fr\/wp-content\/uploads\/2022\/08\/sunset-4594491_1920-600x337.webp 600w\" sizes=\"(max-width: 1024px) 100vw, 1024px\" \/><\/div>\n\t\t<\/a>\n\t\t\t\t<div class=\"elementor-post__text\">\n\t\t\t\t<h3 class=\"elementor-post__title\">\n\t\t\t<a href=\"https:\/\/nienna-alwee.fr\/?p=1353\" target=&quot;_blank&quot;>\n\t\t\t\tLes codes de la pri\u00e8re Hell\u00e9niste\t\t\t<\/a>\n\t\t<\/h3>\n\t\t\t\t<div class=\"elementor-post__meta-data\">\n\t\t\t\t\t<span class=\"elementor-post-date\">\n\t\t\tAugust 5, 2022\t\t<\/span>\n\t\t\t\t<span class=\"elementor-post-avatar\">\n\t\t\tNo Comments\t\t<\/span>\n\t\t\t\t<\/div>\n\t\t\t\t<div class=\"elementor-post__excerpt\">\n\t\t\t<p>Qu\u2019est-ce que la pri\u00e8re ?&nbsp; Comment prier ?&nbsp; Quelle immense question. Comment prier ? Est-ce qu\u2019une r\u00e9ponse existe seulement ? Je ne pense pas. En<\/p>\n\t\t<\/div>\n\t\t\n\t\t<a class=\"elementor-post__read-more\" href=\"https:\/\/nienna-alwee.fr\/?p=1353\" aria-label=\"Read more about Les codes de la pri\u00e8re Hell\u00e9niste\" tabindex=\"-1\" target=\"_blank\">\n\t\t\tLire \u00bb\t\t<\/a>\n\n\t\t\t\t<\/div>\n\t\t\t\t<\/article>\n\t\t\t\t<article class=\"elementor-post elementor-grid-item post-1336 post type-post status-publish format-standard has-post-thumbnail hentry category-sabbats\">\n\t\t\t\t<a class=\"elementor-post__thumbnail__link\" href=\"https:\/\/nienna-alwee.fr\/?p=1336\" tabindex=\"-1\" target=&quot;_blank&quot;>\n\t\t\t<div class=\"elementor-post__thumbnail\"><img loading=\"lazy\" decoding=\"async\" width=\"1024\" height=\"695\" src=\"https:\/\/nienna-alwee.fr\/wp-content\/uploads\/2022\/08\/sunset-sky-sun-991945-1024x695.jpg\" class=\"attachment-large size-large wp-image-1480\" alt=\"sunset, sky, sun-991945.jpg\" srcset=\"https:\/\/nienna-alwee.fr\/wp-content\/uploads\/2022\/08\/sunset-sky-sun-991945-1024x695.jpg 1024w, https:\/\/nienna-alwee.fr\/wp-content\/uploads\/2022\/08\/sunset-sky-sun-991945-300x204.jpg 300w, https:\/\/nienna-alwee.fr\/wp-content\/uploads\/2022\/08\/sunset-sky-sun-991945-768x521.jpg 768w, https:\/\/nienna-alwee.fr\/wp-content\/uploads\/2022\/08\/sunset-sky-sun-991945-600x407.jpg 600w, https:\/\/nienna-alwee.fr\/wp-content\/uploads\/2022\/08\/sunset-sky-sun-991945.jpg 1280w\" sizes=\"(max-width: 1024px) 100vw, 1024px\" \/><\/div>\n\t\t<\/a>\n\t\t\t\t<div class=\"elementor-post__text\">\n\t\t\t\t<h3 class=\"elementor-post__title\">\n\t\t\t<a href=\"https:\/\/nienna-alwee.fr\/?p=1336\" target=&quot;_blank&quot;>\n\t\t\t\tL&#8217;Ostara T\u00e9n\u00e9breux\t\t\t<\/a>\n\t\t<\/h3>\n\t\t\t\t<div class=\"elementor-post__meta-data\">\n\t\t\t\t\t<span class=\"elementor-post-date\">\n\t\t\tAugust 5, 2022\t\t<\/span>\n\t\t\t\t<span class=\"elementor-post-avatar\">\n\t\t\tNo Comments\t\t<\/span>\n\t\t\t\t<\/div>\n\t\t\t\t<div class=\"elementor-post__excerpt\">\n\t\t\t<p>\u201cObscurit\u00e9, tu seras dor\u00e9navant pour moi la lumi\u00e8re. \u201d&nbsp;Andr\u00e9 Gide.Cette r\u00e9flexion n\u2019aura pas pour but de vous parler de la fa\u00e7on commun\u00e9ment admise de f\u00eater<\/p>\n\t\t<\/div>\n\t\t\n\t\t<a class=\"elementor-post__read-more\" href=\"https:\/\/nienna-alwee.fr\/?p=1336\" aria-label=\"Read more about L&#8217;Ostara T\u00e9n\u00e9breux\" tabindex=\"-1\" target=\"_blank\">\n\t\t\tLire \u00bb\t\t<\/a>\n\n\t\t\t\t<\/div>\n\t\t\t\t<\/article>\n\t\t\t\t<\/div>\n\t\t\n\t\t\t\t<\/div>\n\t\t\t\t<\/div>\n\t\t\t\t\t<\/div>\n\t\t<\/div>\n\t\t\t\t\t<\/div>\n\t\t<\/section>\n\t\t\t\t<\/div>\n\t\t","protected":false},"excerpt":{"rendered":"","protected":false},"author":1,"featured_media":0,"parent":0,"menu_order":0,"comment_status":"closed","ping_status":"closed","template":"","meta":{"om_disable_all_campaigns":false,"_uag_custom_page_level_css":"","_monsterinsights_skip_tracking":false,"_monsterinsights_sitenote_active":false,"_monsterinsights_sitenote_note":"","_monsterinsights_sitenote_category":0,"site-sidebar-layout":"no-sidebar","site-content-layout":"page-builder","ast-global-header-display":"","ast-main-header-display":"","ast-hfb-above-header-display":"","ast-hfb-below-header-display":"","ast-hfb-mobile-header-display":"","site-post-title":"disabled","ast-breadcrumbs-content":"","ast-featured-img":"disabled","footer-sml-layout":"","theme-transparent-header-meta":"","adv-header-id-meta":"","stick-header-meta":"","header-above-stick-meta":"","header-main-stick-meta":"","header-below-stick-meta":"","footnotes":""},"aioseo_notices":[],"uagb_featured_image_src":{"full":false,"thumbnail":false,"medium":false,"medium_large":false,"large":false,"1536x1536":false,"2048x2048":false,"woocommerce_thumbnail":false,"woocommerce_single":false,"woocommerce_gallery_thumbnail":false},"uagb_author_info":{"display_name":"Nienna Alwee","author_link":"https:\/\/nienna-alwee.fr\/?author=1"},"uagb_comment_info":0,"uagb_excerpt":null,"_links":{"self":[{"href":"https:\/\/nienna-alwee.fr\/index.php?rest_route=\/wp\/v2\/pages\/1277"}],"collection":[{"href":"https:\/\/nienna-alwee.fr\/index.php?rest_route=\/wp\/v2\/pages"}],"about":[{"href":"https:\/\/nienna-alwee.fr\/index.php?rest_route=\/wp\/v2\/types\/page"}],"author":[{"embeddable":true,"href":"https:\/\/nienna-alwee.fr\/index.php?rest_route=\/wp\/v2\/users\/1"}],"replies":[{"embeddable":true,"href":"https:\/\/nienna-alwee.fr\/index.php?rest_route=%2Fwp%2Fv2%2Fcomments&post=1277"}],"version-history":[{"count":25,"href":"https:\/\/nienna-alwee.fr\/index.php?rest_route=\/wp\/v2\/pages\/1277\/revisions"}],"predecessor-version":[{"id":1514,"href":"https:\/\/nienna-alwee.fr\/index.php?rest_route=\/wp\/v2\/pages\/1277\/revisions\/1514"}],"wp:attachment":[{"href":"https:\/\/nienna-alwee.fr\/index.php?rest_route=%2Fwp%2Fv2%2Fmedia&parent=1277"}],"curies":[{"name":"wp","href":"https:\/\/api.w.org\/{rel}","templated":true}]}}