{"id":3,"date":"2022-06-08T09:32:23","date_gmt":"2022-06-08T09:32:23","guid":{"rendered":"http:\/\/nienna-alwee.fr\/?page_id=3"},"modified":"2022-08-04T06:49:57","modified_gmt":"2022-08-04T06:49:57","slug":"privacy-policy","status":"publish","type":"page","link":"https:\/\/nienna-alwee.fr\/?page_id=3","title":{"rendered":"Politique de Confidentialit\u00e9"},"content":{"rendered":"\n<h2 class=\"wp-block-heading\">Le site<\/h2>\n\n\n\n<p>nienna-alwee.fr<br>Naomie Bruy\u00e8re<\/p>\n\n\n\n<h2 class=\"wp-block-heading\">Le but de cette politique de confidentialit\u00e9<\/h2>\n\n\n\n<p>Le but de cette politique de confidentialit\u00e9 est d&#8217;informer les utilisateurs de mon site des donn\u00e9es personnelles que nous recueillerons ainsi que des informations suivantes, les cas \u00e9ch\u00e9ant :<\/p>\n\n\n\n<p>a. Les donn\u00e9es personnelles que nous recueillerons<br>b. L&#8217;utilisation des donn\u00e9es recueillies<br>c. Qui a acc\u00e8s aux donn\u00e9es recueillies<br>d. Les droits des utilisateurs du site<br>e. La politique de cookies du site<\/p>\n\n\n\n<p>Cette politique de confidentialit\u00e9 fonctionne parall\u00e8lement aux conditions g\u00e9n\u00e9rales d&#8217;utilisation de mon site.<\/p>\n\n\n\n<h2 class=\"wp-block-heading\">Lois applicables<\/h2>\n\n\n\n<p>Conform\u00e9ment au <em>R\u00e8glement g\u00e9n\u00e9ral sur la protection des donn\u00e9es<\/em> (RGPD), cette politique de confidentialit\u00e9 est conforme aux r\u00e8glements suivants.<\/p>\n\n\n\n<p>Les donn\u00e9es personnelles doivent \u00eatre :<\/p>\n\n\n\n<p>a. trait\u00e9es  de mani\u00e8re licite, loyale et transparente au regard de la personne concern\u00e9e (lic\u00e9it\u00e9, loyaut\u00e9, transparence) ;<br>b. collect\u00e9es pour des finalit\u00e9s d\u00e9termin\u00e9es, explicites et l\u00e9gitimes, et ne pas \u00eatre trait\u00e9es ult\u00e9rieurement d&#8217;une mani\u00e8re incompatible avec ces finalit\u00e9s ; le traitement ult\u00e9rieur \u00e0 des fins archivistiques dans l&#8217;int\u00e9r\u00eat public, \u00e0 des fins de recherche scientifique ou historique ou \u00e0 des fins statistiques n&#8217;est pas consid\u00e9r\u00e9, conform\u00e9ment \u00e0 l&#8217;article 89, paragraphe 1, comme incompatible avec les finalit\u00e9s initiales (limitation des finalit\u00e9s) ;<br>c. ad\u00e9quates, pertinentes et limit\u00e9es \u00e0 ce qui est n\u00e9cessaire au regard des finalit\u00e9s pour lesquelles elles sont trait\u00e9es (minimisation des donn\u00e9es) ;<br>d. exactes et, si n\u00e9cessaire, tenues \u00e0 jour ; toutes les mesures raisonnables doivent \u00eatre prises pour que les donn\u00e9es \u00e0 caract\u00e8re personnel qui sont inexactes, eu \u00e9gard aux finalit\u00e9s pour lesquelles elles sont trait\u00e9es, soient effac\u00e9es ou rectifi\u00e9es sans tarder (exactitude) ;<br>e. conserv\u00e9es sous une forme qui permet l&#8217;identification des personnes concern\u00e9es pendant une dur\u00e9e n&#8217;exc\u00e9dant pas celle n\u00e9cessaire au regard des finalit\u00e9s pour lesquelles elles sont trait\u00e9es ; les donn\u00e9es \u00e0 caract\u00e8re personnel peuvent \u00eatre conserv\u00e9es pour des donn\u00e9es plus longues dans la mesure o\u00f9 elles seront trait\u00e9es exclusivement \u00e0 des fins archivistiques dans l&#8217;int\u00e9r\u00eat public, \u00e0 des fins de recherche scientifique ou historique ou \u00e0 des fins statistiques conform\u00e9ment \u00e0 l&#8217;article 89, paragraphe 1, pour autant que soient mises en \u0153uvre les mesures techniques et organisationnelles appropri\u00e9es requises par le r\u00e8glement afin de garantir les droits et libert\u00e9s de la personne concern\u00e9e (limitation de la conservation) ;<br>f. trait\u00e9es de fa\u00e7on \u00e0 garantir une s\u00e9curit\u00e9 appropri\u00e9e des donn\u00e9es \u00e0 caract\u00e8re personnel, y compris la protection contre le traitement non autoris\u00e9 ou illicite et contre la perte, la destruction ou les d\u00e9g\u00e2ts d&#8217;origine accidentelle, \u00e0 l&#8217;aide de mesures techniques ou organisationnelles appropri\u00e9es (int\u00e9grit\u00e9 et confidentialit\u00e9).<\/p>\n\n\n\n<p>Le traitement n&#8217;est licite que si, et dans la mesure o\u00f9, au moins une des conditions suivante est remplie :<\/p>\n\n\n\n<p>a. la personne concern\u00e9e a consenti au traitement de ses donn\u00e9es \u00e0 caract\u00e8re personnel pour une ou plusieurs finalit\u00e9s sp\u00e9cifiques ;<br>b. le traitement est n\u00e9cessaire \u00e0 l&#8217;ex\u00e9cution d&#8217;un contrat auquel la personne concern\u00e9e est partie ou \u00e0 l&#8217;ex\u00e9cution de mesures pr\u00e9contractuelles prises \u00e0 la demande de celle-ci ;<br>c. le traitement est n\u00e9cessaire au respect d&#8217;une obligation l\u00e9gale \u00e0 laquelle le responsable du traitement est soumis ;<br>d. le traitement est n\u00e9cessaire \u00e0 la sauvegarde des int\u00e9r\u00eats vitaux de la personne concern\u00e9e au d&#8217;une autre personne physique ;<br>e. le traitement est n\u00e9cessaire \u00e0 l&#8217;ex\u00e9cution d&#8217;une mission d&#8217;int\u00e9r\u00eat public ou relevant de l&#8217;exercice de l&#8217;autorit\u00e9 publique dont est investi le responsable du traitement ;<br>f. le traitement est n\u00e9cessaire aux fins des int\u00e9r\u00eats l\u00e9gitimes poursuivis par le responsable du traitement ou par un tiers, \u00e0 moins que ne pr\u00e9valent les int\u00e9r\u00eats ou les libert\u00e9s et droits fondamentaux de la personne concern\u00e9e qui exigent une protection des donn\u00e9es \u00e0 caract\u00e8re personnel, notamment lorsque la personne concern\u00e9e est un enfant.<\/p>\n\n\n\n<p>Pour les r\u00e9sidents de l&#8217;\u00c9tat de Californie, cette politique de confidentialit\u00e9 vise \u00e0 se conformer \u00e0 la <em>California Consumer Policy Act (CCPA)<\/em>. S&#8217;il y a des incoh\u00e9rences entre ce document et la <em>CCPA<\/em>, la l\u00e9gislation de l&#8217;\u00c9tat s&#8217;appliquera. Si nous constatons des incoh\u00e9rences, nous modifierons notre politique pour nous conformer \u00e0 la la loi pertinente.<\/p>\n\n\n\n<h2 class=\"wp-block-heading\">Consentement<\/h2>\n\n\n\n<p>Les utilisateurs conviennent qu&#8217;en utilisant mon site, ils consentent \u00e0 :<\/p>\n\n\n\n<p>a. les conditions \u00e9nonc\u00e9es dans la pr\u00e9sente politique de confidentialit\u00e9 et<br>b. la collecte, l&#8217;utilisation et la conservation des donn\u00e9es \u00e9num\u00e9r\u00e9es dans la pr\u00e9sente politique.<\/p>\n\n\n\n<h2 class=\"wp-block-heading\">Cookies<\/h2>\n\n\n\n<p>Si vous laissez un commentaire sur mon site, vous pouvez choisir de sauvegarder votre nom, votre adresse e-mail et le site web dans les cookies. Cela vous permet de ne pas avoir \u00e0 remplir vos informations personnels pour laisser un autre commentaire. Ces cookies sont sauvegard\u00e9s pendant un an.<\/p>\n\n\n\n<p>Si vous visitez la page de connexion, nous lancerons un cookie temporaire pour d\u00e9terminer si votre navigateur accepte les cookies. Ce cookie ne contient pas d&#8217;information personnelle et sera supprim\u00e9 lorsque vous fermerez votre navigateur.<\/p>\n\n\n\n<p>Lorsque vous vous connectez, nous lancerons \u00e9galement plusieurs cookies pour sauvegarder vos informations de connexion et vos choix \u00e0 l&#8217;\u00e9cran. Les cookies de connexion dureront deux jours, et les options \u00e0 l&#8217;\u00e9cran dureront un an. Si vous choisissez &#8220;se souvenir de moi&#8221;, votre connexion durera pendant deux semaines. Si vous vous d\u00e9connectez de votre compte, le cookie de connexion sera supprim\u00e9.<\/p>\n\n\n\n<h2 class=\"wp-block-heading\">Avec qui vos donn\u00e9es sont partag\u00e9es<\/h2>\n\n\n\n<p>Si vous demandez une r\u00e9initialisation de votre mot de passe, votre adresse IP sera inclue dans le mail de r\u00e9initialisation.<\/p>\n\n\n\n<h2 class=\"wp-block-heading\">Dur\u00e9e de conservation des donn\u00e9es<\/h2>\n\n\n\n<p>Si vous laissez un commentaire, celui-ci et ses m\u00e9tadonn\u00e9es seront conserv\u00e9s ind\u00e9finiment. Cela nous permet de reconna\u00eetre et d&#8217;approuver tout commentaire automatiquement au lieu de les faire patienter dans une file de mod\u00e9ration.<\/p>\n\n\n\n<p>Pour les utilisateurs qui s&#8217;enregistrent sur le site, nous stockons \u00e9galement les informations personnelles inscrite dans leur profil utilisateur. Tous les utilisateurs peuvent voir, modifier ou supprimer leurs informations personnelles \u00e0 tout moment (\u00e0 l&#8217;exception du nom d&#8217;utilisateur qui ne peut \u00eatre modifi\u00e9). L&#8217;administrateur du site peut \u00e9galement voir et modifier ces informations.<\/p>\n\n\n\n<h2 class=\"wp-block-heading\">Quels droits vous avez sur vos donn\u00e9es<\/h2>\n\n\n\n<p>Si vous avez un compte sur le site, ou avez laiss\u00e9 un commentaire, vous pouvez demander \u00e0 recevoir un fichier export\u00e9 des donn\u00e9es personnelles que nous conservons \u00e0 propos de vous, incluant toute donn\u00e9e que vous nous avez confi\u00e9. Vous pouvez \u00e9galement demander \u00e0 effacer toute donn\u00e9e personnelle que nous conservons \u00e0 propos de vous. Ceci n&#8217;inclut pas les donn\u00e9es que nous sommes oblig\u00e9s de conserver pour des raisons administratives, l\u00e9gales ou de s\u00e9curit\u00e9.<\/p>\n","protected":false},"excerpt":{"rendered":"<p>Le site nienna-alwee.frNaomie Bruy\u00e8re Le but de cette politique de confidentialit\u00e9 Le but de cette politique de confidentialit\u00e9 est d&#8217;informer les utilisateurs de mon site des donn\u00e9es personnelles que nous recueillerons ainsi que des informations suivantes, les cas \u00e9ch\u00e9ant : a. Les donn\u00e9es personnelles que nous recueilleronsb. L&#8217;utilisation des donn\u00e9es recueilliesc. Qui a acc\u00e8s aux &hellip;<\/p>\n<p class=\"read-more\"> <a class=\"\" href=\"https:\/\/nienna-alwee.fr\/?page_id=3\"> <span class=\"screen-reader-text\">Politique de Confidentialit\u00e9<\/span> Read More &raquo;<\/a><\/p>\n","protected":false},"author":1,"featured_media":0,"parent":0,"menu_order":0,"comment_status":"closed","ping_status":"open","template":"","meta":{"om_disable_all_campaigns":false,"_uag_custom_page_level_css":"","_monsterinsights_skip_tracking":false,"_monsterinsights_sitenote_active":false,"_monsterinsights_sitenote_note":"","_monsterinsights_sitenote_category":0,"site-sidebar-layout":"default","site-content-layout":"default","ast-global-header-display":"","ast-main-header-display":"","ast-hfb-above-header-display":"","ast-hfb-below-header-display":"","ast-hfb-mobile-header-display":"","site-post-title":"","ast-breadcrumbs-content":"","ast-featured-img":"","footer-sml-layout":"","theme-transparent-header-meta":"","adv-header-id-meta":"","stick-header-meta":"","header-above-stick-meta":"","header-main-stick-meta":"","header-below-stick-meta":"","footnotes":""},"aioseo_notices":[],"uagb_featured_image_src":{"full":false,"thumbnail":false,"medium":false,"medium_large":false,"large":false,"1536x1536":false,"2048x2048":false,"woocommerce_thumbnail":false,"woocommerce_single":false,"woocommerce_gallery_thumbnail":false},"uagb_author_info":{"display_name":"Nienna Alwee","author_link":"https:\/\/nienna-alwee.fr\/?author=1"},"uagb_comment_info":0,"uagb_excerpt":"Le site nienna-alwee.frNaomie Bruy\u00e8re Le but de cette politique de confidentialit\u00e9 Le but de cette politique de confidentialit\u00e9 est d&#8217;informer les utilisateurs de mon site des donn\u00e9es personnelles que nous recueillerons ainsi que des informations suivantes, les cas \u00e9ch\u00e9ant : a. Les donn\u00e9es personnelles que nous recueilleronsb. L&#8217;utilisation des donn\u00e9es recueilliesc. Qui a acc\u00e8s aux&hellip;","_links":{"self":[{"href":"https:\/\/nienna-alwee.fr\/index.php?rest_route=\/wp\/v2\/pages\/3"}],"collection":[{"href":"https:\/\/nienna-alwee.fr\/index.php?rest_route=\/wp\/v2\/pages"}],"about":[{"href":"https:\/\/nienna-alwee.fr\/index.php?rest_route=\/wp\/v2\/types\/page"}],"author":[{"embeddable":true,"href":"https:\/\/nienna-alwee.fr\/index.php?rest_route=\/wp\/v2\/users\/1"}],"replies":[{"embeddable":true,"href":"https:\/\/nienna-alwee.fr\/index.php?rest_route=%2Fwp%2Fv2%2Fcomments&post=3"}],"version-history":[{"count":1,"href":"https:\/\/nienna-alwee.fr\/index.php?rest_route=\/wp\/v2\/pages\/3\/revisions"}],"predecessor-version":[{"id":1327,"href":"https:\/\/nienna-alwee.fr\/index.php?rest_route=\/wp\/v2\/pages\/3\/revisions\/1327"}],"wp:attachment":[{"href":"https:\/\/nienna-alwee.fr\/index.php?rest_route=%2Fwp%2Fv2%2Fmedia&parent=3"}],"curies":[{"name":"wp","href":"https:\/\/api.w.org\/{rel}","templated":true}]}}