{"id":1556,"date":"2022-10-06T08:23:46","date_gmt":"2022-10-06T08:23:46","guid":{"rendered":"https:\/\/nienna-alwee.fr\/?post_type=product&#038;p=1556"},"modified":"2022-10-18T20:03:17","modified_gmt":"2022-10-18T20:03:17","slug":"article-citrouille-la-reine-dhalloween","status":"publish","type":"product","link":"https:\/\/nienna-alwee.fr\/?product=article-citrouille-la-reine-dhalloween","title":{"rendered":"Article &#8211; Citrouille, la Reine d&#8217;Halloween"},"content":{"rendered":"<p>Les articles anciennement disponibles au premier palier Patreon sont des documents d&#8217;environ douze pages. Ils abordent mes r\u00e9flexions th\u00e9oriques et pratiques sur des sujets tr\u00e8s vari\u00e9s autour de la sorcellerie et du paganisme.<\/p>\n<p>Au c\u0153ur de cet article, vous d\u00e9couvrirez :<\/p>\n<ul>\n<li>Les symboliques de la citrouille en occident, entre douceur et richesse<\/li>\n<li>Les traditions li\u00e9es \u00e0 la citrouille autour de Samhain<\/li>\n<li>Le conte du renomm\u00e9 &#8220;Jack \u00e0 la lanterne&#8221;<\/li>\n<li>Les correspondances de cette imp\u00e9ratrice des fruits<\/li>\n<li>Diff\u00e9rentes pistes quant \u00e0 ses utilisations rituelles<\/li>\n<\/ul>\n<p>Article du palier Z\u00e9nith du Patreon n\u00b03 d&#8217;Eunoia &#8211; Octobre 2021<\/p>\n","protected":false},"excerpt":{"rendered":"<p>Article de dix page sur les citrouilles en sorcellerie &#8211; Octobre 2021\/ Patreon Eunoia N\u00b03 &#8211; Palier Z\u00e9nith &#8211; Nienna Alwee<\/p>\n","protected":false},"featured_media":1557,"comment_status":"open","ping_status":"closed","template":"","meta":{"om_disable_all_campaigns":false,"_uag_custom_page_level_css":"","_monsterinsights_skip_tracking":false,"_monsterinsights_sitenote_active":false,"_monsterinsights_sitenote_note":"","_monsterinsights_sitenote_category":0,"site-sidebar-layout":"default","site-content-layout":"default","ast-global-header-display":"","ast-main-header-display":"","ast-hfb-above-header-display":"","ast-hfb-below-header-display":"","ast-hfb-mobile-header-display":"","site-post-title":"","ast-breadcrumbs-content":"","ast-featured-img":"","footer-sml-layout":"","theme-transparent-header-meta":"default","adv-header-id-meta":"","stick-header-meta":"","header-above-stick-meta":"","header-main-stick-meta":"","header-below-stick-meta":""},"product_cat":[35],"product_tag":[67,63,62,66,65,64,58,60,61],"aioseo_notices":[],"uagb_featured_image_src":{"full":["https:\/\/nienna-alwee.fr\/wp-content\/uploads\/2022\/10\/La-Citrouille.png",1080,1080,false],"thumbnail":["https:\/\/nienna-alwee.fr\/wp-content\/uploads\/2022\/10\/La-Citrouille-150x150.png",150,150,true],"medium":["https:\/\/nienna-alwee.fr\/wp-content\/uploads\/2022\/10\/La-Citrouille-300x300.png",300,300,true],"medium_large":["https:\/\/nienna-alwee.fr\/wp-content\/uploads\/2022\/10\/La-Citrouille-768x768.png",768,768,true],"large":["https:\/\/nienna-alwee.fr\/wp-content\/uploads\/2022\/10\/La-Citrouille-1024x1024.png",1024,1024,true],"1536x1536":["https:\/\/nienna-alwee.fr\/wp-content\/uploads\/2022\/10\/La-Citrouille.png",1080,1080,false],"2048x2048":["https:\/\/nienna-alwee.fr\/wp-content\/uploads\/2022\/10\/La-Citrouille.png",1080,1080,false],"woocommerce_thumbnail":["https:\/\/nienna-alwee.fr\/wp-content\/uploads\/2022\/10\/La-Citrouille-300x300.png",300,300,true],"woocommerce_single":["https:\/\/nienna-alwee.fr\/wp-content\/uploads\/2022\/10\/La-Citrouille-600x600.png",600,600,true],"woocommerce_gallery_thumbnail":["https:\/\/nienna-alwee.fr\/wp-content\/uploads\/2022\/10\/La-Citrouille-100x100.png",100,100,true]},"uagb_author_info":{"display_name":"Nienna Alwee","author_link":"https:\/\/nienna-alwee.fr\/?author=0"},"uagb_comment_info":0,"uagb_excerpt":"Article de dix page sur les citrouilles en sorcellerie - Octobre 2021\/ Patreon Eunoia N\u00b03 - Palier Z\u00e9nith - Nienna Alwee","_links":{"self":[{"href":"https:\/\/nienna-alwee.fr\/index.php?rest_route=\/wp\/v2\/product\/1556"}],"collection":[{"href":"https:\/\/nienna-alwee.fr\/index.php?rest_route=\/wp\/v2\/product"}],"about":[{"href":"https:\/\/nienna-alwee.fr\/index.php?rest_route=\/wp\/v2\/types\/product"}],"replies":[{"embeddable":true,"href":"https:\/\/nienna-alwee.fr\/index.php?rest_route=%2Fwp%2Fv2%2Fcomments&post=1556"}],"wp:featuredmedia":[{"embeddable":true,"href":"https:\/\/nienna-alwee.fr\/index.php?rest_route=\/wp\/v2\/media\/1557"}],"wp:attachment":[{"href":"https:\/\/nienna-alwee.fr\/index.php?rest_route=%2Fwp%2Fv2%2Fmedia&parent=1556"}],"wp:term":[{"taxonomy":"product_cat","embeddable":true,"href":"https:\/\/nienna-alwee.fr\/index.php?rest_route=%2Fwp%2Fv2%2Fproduct_cat&post=1556"},{"taxonomy":"product_tag","embeddable":true,"href":"https:\/\/nienna-alwee.fr\/index.php?rest_route=%2Fwp%2Fv2%2Fproduct_tag&post=1556"}],"curies":[{"name":"wp","href":"https:\/\/api.w.org\/{rel}","templated":true}]}}