{"id":1613,"date":"2022-10-18T19:49:54","date_gmt":"2022-10-18T19:49:54","guid":{"rendered":"https:\/\/nienna-alwee.fr\/?post_type=product&#038;p=1613"},"modified":"2023-02-14T20:17:23","modified_gmt":"2023-02-14T20:17:23","slug":"recette-pates-au-doubeurre","status":"publish","type":"product","link":"https:\/\/nienna-alwee.fr\/?product=recette-pates-au-doubeurre","title":{"rendered":"Recette &#8211; P\u00e2tes au Doubeurre"},"content":{"rendered":"<p><span style=\"font-weight: 400;\">Les recettes anciennement disponibles au deuxi\u00e8me palier Patreon sont des documents d\u2019un peu moins de dix pages. Ils d\u00e9taillent une recette et tout ce que vous avez \u00e0 savoir pour la r\u00e9ussir au mieux ! Ingr\u00e9dients, niveau de difficult\u00e9, vous aurez m\u00eame acc\u00e8s \u00e0 un pas \u00e0 pas illustr\u00e9 en fin de recette. Le petit plus ? Ces recettes sont con\u00e7ues pour un but magique pr\u00e9cis. Protection ? Purification ? Attirer la chance ? Tout est d\u00e9taill\u00e9 selon les correspondances des ingr\u00e9dients, en plus des quelques conseils de sorci\u00e8re que je dispose tout au long de la recette.<\/span><\/p>\n<p><span style=\"font-weight: 400;\">Quelle occasion pour cette recette ?\u00a0<\/span><\/p>\n<ul>\n<li style=\"font-weight: 400;\" aria-level=\"1\"><span style=\"font-weight: 400;\">En automne, pendant la d\u00e9licieuse saison de la courge butternut.\u00a0<\/span><\/li>\n<li style=\"font-weight: 400;\" aria-level=\"1\"><span style=\"font-weight: 400;\">Pour les banquets de Samhain et de Mabon, ou m\u00eame pour le repas des silences le 31 Octobre.\u00a0<\/span><\/li>\n<li style=\"font-weight: 400;\" aria-level=\"1\"><span style=\"font-weight: 400;\">Pour ceux et celles qui, comme moi, raffolent des p\u00e2tes et des citrouilles et qui d\u00e9sirent cuisiner un plat original !<\/span><\/li>\n<\/ul>\n<p><span style=\"font-weight: 400;\">Recette du palier Cr\u00e9puscule du Patreon n\u00b03 d\u2019Eunoia \u2013 Octobre 2021<\/span><\/p>\n<p><span style=\"font-weight: 400;\">\u00a0<\/span><\/p>\n","protected":false},"excerpt":{"rendered":"<p><span style=\"font-weight: 400;\">Recette d\u00e9taill\u00e9e de p\u00e2tes au doubeurre &#8211; Cuisine sorci\u00e8re &#8211; Octobre 2021\/ Patreon Eunoia N\u00b03 &#8211; Palier Cr\u00e9puscule &#8211; Nienna Alwee<\/span><\/p>\n","protected":false},"featured_media":1614,"comment_status":"open","ping_status":"closed","template":"","meta":{"om_disable_all_campaigns":false,"_uag_custom_page_level_css":"","_monsterinsights_skip_tracking":false,"_monsterinsights_sitenote_active":false,"_monsterinsights_sitenote_note":"","_monsterinsights_sitenote_category":0,"site-sidebar-layout":"default","site-content-layout":"default","ast-global-header-display":"","ast-main-header-display":"","ast-hfb-above-header-display":"","ast-hfb-below-header-display":"","ast-hfb-mobile-header-display":"","site-post-title":"","ast-breadcrumbs-content":"","ast-featured-img":"","footer-sml-layout":"","theme-transparent-header-meta":"default","adv-header-id-meta":"","stick-header-meta":"","header-above-stick-meta":"","header-main-stick-meta":"","header-below-stick-meta":""},"product_cat":[71],"product_tag":[67,63,75,62,72,66,73,65,64,74,60,61],"aioseo_notices":[],"uagb_featured_image_src":{"full":["https:\/\/nienna-alwee.fr\/wp-content\/uploads\/2022\/10\/Miniatures-boutique.png",1080,1080,false],"thumbnail":["https:\/\/nienna-alwee.fr\/wp-content\/uploads\/2022\/10\/Miniatures-boutique-150x150.png",150,150,true],"medium":["https:\/\/nienna-alwee.fr\/wp-content\/uploads\/2022\/10\/Miniatures-boutique-300x300.png",300,300,true],"medium_large":["https:\/\/nienna-alwee.fr\/wp-content\/uploads\/2022\/10\/Miniatures-boutique-768x768.png",768,768,true],"large":["https:\/\/nienna-alwee.fr\/wp-content\/uploads\/2022\/10\/Miniatures-boutique-1024x1024.png",1024,1024,true],"1536x1536":["https:\/\/nienna-alwee.fr\/wp-content\/uploads\/2022\/10\/Miniatures-boutique.png",1080,1080,false],"2048x2048":["https:\/\/nienna-alwee.fr\/wp-content\/uploads\/2022\/10\/Miniatures-boutique.png",1080,1080,false],"woocommerce_thumbnail":["https:\/\/nienna-alwee.fr\/wp-content\/uploads\/2022\/10\/Miniatures-boutique-300x300.png",300,300,true],"woocommerce_single":["https:\/\/nienna-alwee.fr\/wp-content\/uploads\/2022\/10\/Miniatures-boutique-600x600.png",600,600,true],"woocommerce_gallery_thumbnail":["https:\/\/nienna-alwee.fr\/wp-content\/uploads\/2022\/10\/Miniatures-boutique-100x100.png",100,100,true]},"uagb_author_info":{"display_name":"Nienna Alwee","author_link":"https:\/\/nienna-alwee.fr\/?author=0"},"uagb_comment_info":0,"uagb_excerpt":"Recette d\u00e9taill\u00e9e de p\u00e2tes au doubeurre - Cuisine sorci\u00e8re - Octobre 2021\/ Patreon Eunoia N\u00b03 - Palier Cr\u00e9puscule - Nienna Alwee","_links":{"self":[{"href":"https:\/\/nienna-alwee.fr\/index.php?rest_route=\/wp\/v2\/product\/1613"}],"collection":[{"href":"https:\/\/nienna-alwee.fr\/index.php?rest_route=\/wp\/v2\/product"}],"about":[{"href":"https:\/\/nienna-alwee.fr\/index.php?rest_route=\/wp\/v2\/types\/product"}],"replies":[{"embeddable":true,"href":"https:\/\/nienna-alwee.fr\/index.php?rest_route=%2Fwp%2Fv2%2Fcomments&post=1613"}],"wp:featuredmedia":[{"embeddable":true,"href":"https:\/\/nienna-alwee.fr\/index.php?rest_route=\/wp\/v2\/media\/1614"}],"wp:attachment":[{"href":"https:\/\/nienna-alwee.fr\/index.php?rest_route=%2Fwp%2Fv2%2Fmedia&parent=1613"}],"wp:term":[{"taxonomy":"product_cat","embeddable":true,"href":"https:\/\/nienna-alwee.fr\/index.php?rest_route=%2Fwp%2Fv2%2Fproduct_cat&post=1613"},{"taxonomy":"product_tag","embeddable":true,"href":"https:\/\/nienna-alwee.fr\/index.php?rest_route=%2Fwp%2Fv2%2Fproduct_tag&post=1613"}],"curies":[{"name":"wp","href":"https:\/\/api.w.org\/{rel}","templated":true}]}}