{"id":1617,"date":"2022-10-18T20:12:58","date_gmt":"2022-10-18T20:12:58","guid":{"rendered":"https:\/\/nienna-alwee.fr\/?post_type=product&#038;p=1617"},"modified":"2022-10-18T20:12:58","modified_gmt":"2022-10-18T20:12:58","slug":"dossier-masques-rituels-interet-et-construction","status":"publish","type":"product","link":"https:\/\/nienna-alwee.fr\/?product=dossier-masques-rituels-interet-et-construction","title":{"rendered":"Dossier &#8211; Masques Rituels, Int\u00e9r\u00eat et construction"},"content":{"rendered":"<p><span style=\"font-weight: 400;\">Les dossiers anciennement disponibles au dernier palier Patreon, le palier Nuit, sont les documents les plus cons\u00e9quents. Ils font toujours une trentaine de pages, et sont g\u00e9n\u00e9ralement assez complets. Par rapport aux articles, les dossiers vont plus en profondeur dans les d\u00e9tails. Les th\u00e8mes sont vari\u00e9s, mais toujours exploit\u00e9s autant d\u2019un point de vue th\u00e9orique que pratique. Les textes sont accompagn\u00e9s d\u2019images, de sch\u00e9mas, de conseils et de r\u00e9flexions personnelles.<\/span><\/p>\n<p><span style=\"font-weight: 400;\">Que renferme ce dossier sur les Masques Rituels ?\u00a0\u00a0<\/span><\/p>\n<ul>\n<li style=\"font-weight: 400;\" aria-level=\"1\"><span style=\"font-weight: 400;\">La pr\u00e9sentation des masques \u00e0 travers l\u2019histoire.\u00a0<\/span><\/li>\n<li style=\"font-weight: 400;\" aria-level=\"1\"><span style=\"font-weight: 400;\">La pr\u00e9sentation de leurs int\u00e9r\u00eats en sorcellerie ou pour des c\u00e9r\u00e9monies pa\u00efennes.<\/span><\/li>\n<li style=\"font-weight: 400;\" aria-level=\"1\"><span style=\"font-weight: 400;\">Le tutoriel illustr\u00e9 pas \u00e0 pas pour cr\u00e9er votre propre masque de pratique.<\/span><\/li>\n<li style=\"font-weight: 400;\" aria-level=\"1\"><span style=\"font-weight: 400;\">Des pistes de correspondances (animales et au niveau des couleurs) pour cr\u00e9er le masque qui VOUS ressemble en fonction de l\u2019utilisation que vous voulez en avoir.<\/span><span style=\"font-weight: 400;\">\n<p><\/span><\/li>\n<\/ul>\n<p><span style=\"font-weight: 400;\">Dossier du palier Nuit du Patreon n\u00b03 d\u2019Eunoia \u2013 Octobre 2021<\/span><\/p>\n","protected":false},"excerpt":{"rendered":"<p><span style=\"font-weight: 400;\">Dossier sur les masques ritu\u00e9liques &#8211; Dossier &#8211; Octobre 2021\/ Patreon Eunoia N\u00b03 &#8211; Palier Nuit &#8211; Nienna Alwee<\/span><\/p>\n","protected":false},"featured_media":1619,"comment_status":"open","ping_status":"closed","template":"","meta":{"om_disable_all_campaigns":false,"_uag_custom_page_level_css":"","_monsterinsights_skip_tracking":false,"_monsterinsights_sitenote_active":false,"_monsterinsights_sitenote_note":"","_monsterinsights_sitenote_category":0,"site-sidebar-layout":"default","site-content-layout":"default","ast-global-header-display":"","ast-main-header-display":"","ast-hfb-above-header-display":"","ast-hfb-below-header-display":"","ast-hfb-mobile-header-display":"","site-post-title":"","ast-breadcrumbs-content":"","ast-featured-img":"","footer-sml-layout":"","theme-transparent-header-meta":"default","adv-header-id-meta":"","stick-header-meta":"","header-above-stick-meta":"","header-main-stick-meta":"","header-below-stick-meta":""},"product_cat":[76],"product_tag":[67,63,81,78,77,79,65,64,80,60,61,59],"aioseo_notices":[],"uagb_featured_image_src":{"full":["https:\/\/nienna-alwee.fr\/wp-content\/uploads\/2022\/10\/Miniature-masques.png",1080,1080,false],"thumbnail":["https:\/\/nienna-alwee.fr\/wp-content\/uploads\/2022\/10\/Miniature-masques-150x150.png",150,150,true],"medium":["https:\/\/nienna-alwee.fr\/wp-content\/uploads\/2022\/10\/Miniature-masques-300x300.png",300,300,true],"medium_large":["https:\/\/nienna-alwee.fr\/wp-content\/uploads\/2022\/10\/Miniature-masques-768x768.png",768,768,true],"large":["https:\/\/nienna-alwee.fr\/wp-content\/uploads\/2022\/10\/Miniature-masques-1024x1024.png",1024,1024,true],"1536x1536":["https:\/\/nienna-alwee.fr\/wp-content\/uploads\/2022\/10\/Miniature-masques.png",1080,1080,false],"2048x2048":["https:\/\/nienna-alwee.fr\/wp-content\/uploads\/2022\/10\/Miniature-masques.png",1080,1080,false],"woocommerce_thumbnail":["https:\/\/nienna-alwee.fr\/wp-content\/uploads\/2022\/10\/Miniature-masques-300x300.png",300,300,true],"woocommerce_single":["https:\/\/nienna-alwee.fr\/wp-content\/uploads\/2022\/10\/Miniature-masques-600x600.png",600,600,true],"woocommerce_gallery_thumbnail":["https:\/\/nienna-alwee.fr\/wp-content\/uploads\/2022\/10\/Miniature-masques-100x100.png",100,100,true]},"uagb_author_info":{"display_name":"Nienna Alwee","author_link":"https:\/\/nienna-alwee.fr\/?author=0"},"uagb_comment_info":0,"uagb_excerpt":"Dossier sur les masques ritu\u00e9liques - Dossier - Octobre 2021\/ Patreon Eunoia N\u00b03 - Palier Nuit - Nienna Alwee","_links":{"self":[{"href":"https:\/\/nienna-alwee.fr\/index.php?rest_route=\/wp\/v2\/product\/1617"}],"collection":[{"href":"https:\/\/nienna-alwee.fr\/index.php?rest_route=\/wp\/v2\/product"}],"about":[{"href":"https:\/\/nienna-alwee.fr\/index.php?rest_route=\/wp\/v2\/types\/product"}],"replies":[{"embeddable":true,"href":"https:\/\/nienna-alwee.fr\/index.php?rest_route=%2Fwp%2Fv2%2Fcomments&post=1617"}],"wp:featuredmedia":[{"embeddable":true,"href":"https:\/\/nienna-alwee.fr\/index.php?rest_route=\/wp\/v2\/media\/1619"}],"wp:attachment":[{"href":"https:\/\/nienna-alwee.fr\/index.php?rest_route=%2Fwp%2Fv2%2Fmedia&parent=1617"}],"wp:term":[{"taxonomy":"product_cat","embeddable":true,"href":"https:\/\/nienna-alwee.fr\/index.php?rest_route=%2Fwp%2Fv2%2Fproduct_cat&post=1617"},{"taxonomy":"product_tag","embeddable":true,"href":"https:\/\/nienna-alwee.fr\/index.php?rest_route=%2Fwp%2Fv2%2Fproduct_tag&post=1617"}],"curies":[{"name":"wp","href":"https:\/\/api.w.org\/{rel}","templated":true}]}}