{"id":1623,"date":"2023-02-14T20:07:10","date_gmt":"2023-02-14T20:07:10","guid":{"rendered":"https:\/\/nienna-alwee.fr\/?post_type=product&#038;p=1623"},"modified":"2023-02-14T20:07:11","modified_gmt":"2023-02-14T20:07:11","slug":"article-la-magie-du-sang","status":"publish","type":"product","link":"https:\/\/nienna-alwee.fr\/?product=article-la-magie-du-sang","title":{"rendered":"Article \u2013 La magie du sang"},"content":{"rendered":"<p><span style=\"font-weight: 400;\">Les articles anciennement disponibles au premier palier Patreon sont des documents d\u2019environ douze pages (parfois un peu moins). Ils abordent mes r\u00e9flexions th\u00e9oriques et pratiques sur des sujets tr\u00e8s vari\u00e9s autour de la sorcellerie et du paganisme. Attention, ici nous ne parlons que de la th\u00e9orie de la magie du sang, je ne vous invite aucunement \u00e0 la pratiquer. Il s\u2019agit d\u2019une magie avanc\u00e9e potentiellement dangereuse, sans parler des m\u00e9thodes d\u2019extraction. Je ne serais pas tenue responsable en cas de probl\u00e8mes li\u00e9s \u00e0 mes propos.<\/span><\/p>\n<p><span style=\"font-weight: 400;\">Au c\u0153ur de cet article, vous d\u00e9couvrirez :<\/span><\/p>\n<ul>\n<li style=\"font-weight: 400;\" aria-level=\"1\"><span style=\"font-weight: 400;\">La composition physique du sang (pour mieux le comprendre !)<\/span><\/li>\n<li style=\"font-weight: 400;\" aria-level=\"1\"><span style=\"font-weight: 400;\">Une explication du rapport entre le sang et l\u2019encre.<\/span><\/li>\n<li style=\"font-weight: 400;\" aria-level=\"1\"><span style=\"font-weight: 400;\">La pr\u00e9sentation de la Lune de Sang et de ce qu\u2019elle peut apporter \u00e0 votre pratique.<\/span><\/li>\n<li style=\"font-weight: 400;\" aria-level=\"1\"><span style=\"font-weight: 400;\">Une liste des utilisations les plus communes du sang en sorcellerie.<\/span><\/li>\n<li style=\"font-weight: 400;\" aria-level=\"1\"><span style=\"font-weight: 400;\">Des propositions d\u2019alternatives au vrai sang pour pouvoir pratiquer en toute s\u00e9curit\u00e9 !\u00a0<\/span><\/li>\n<\/ul>\n<p><span style=\"font-weight: 400;\">Article du palier Z\u00e9nith du Patreon n\u00b015 d\u2019Eunoia \u2013 Octobre 2022<\/span><\/p>\n","protected":false},"excerpt":{"rendered":"<p>Article de dix pages sur la th\u00e9orie relative \u00e0 la magie du sang \u2013 Octobre 2022\/ Patreon Eunoia N\u00b015 \u2013 Palier Z\u00e9nith \u2013 Nienna Alwee<\/p>\n","protected":false},"featured_media":1624,"comment_status":"open","ping_status":"closed","template":"","meta":{"om_disable_all_campaigns":false,"_uag_custom_page_level_css":"","_monsterinsights_skip_tracking":false,"_monsterinsights_sitenote_active":false,"_monsterinsights_sitenote_note":"","_monsterinsights_sitenote_category":0,"site-sidebar-layout":"default","site-content-layout":"default","ast-global-header-display":"","ast-main-header-display":"","ast-hfb-above-header-display":"","ast-hfb-below-header-display":"","ast-hfb-mobile-header-display":"","site-post-title":"","ast-breadcrumbs-content":"","ast-featured-img":"","footer-sml-layout":"","theme-transparent-header-meta":"default","adv-header-id-meta":"","stick-header-meta":"","header-above-stick-meta":"","header-main-stick-meta":"","header-below-stick-meta":""},"product_cat":[35],"product_tag":[82,92,91,94,65,93,90,59,95],"aioseo_notices":[],"uagb_featured_image_src":{"full":["https:\/\/nienna-alwee.fr\/wp-content\/uploads\/2023\/02\/Miniatures-boutique-2.png",1080,1080,false],"thumbnail":["https:\/\/nienna-alwee.fr\/wp-content\/uploads\/2023\/02\/Miniatures-boutique-2-150x150.png",150,150,true],"medium":["https:\/\/nienna-alwee.fr\/wp-content\/uploads\/2023\/02\/Miniatures-boutique-2-300x300.png",300,300,true],"medium_large":["https:\/\/nienna-alwee.fr\/wp-content\/uploads\/2023\/02\/Miniatures-boutique-2-768x768.png",768,768,true],"large":["https:\/\/nienna-alwee.fr\/wp-content\/uploads\/2023\/02\/Miniatures-boutique-2-1024x1024.png",1024,1024,true],"1536x1536":["https:\/\/nienna-alwee.fr\/wp-content\/uploads\/2023\/02\/Miniatures-boutique-2.png",1080,1080,false],"2048x2048":["https:\/\/nienna-alwee.fr\/wp-content\/uploads\/2023\/02\/Miniatures-boutique-2.png",1080,1080,false],"woocommerce_thumbnail":["https:\/\/nienna-alwee.fr\/wp-content\/uploads\/2023\/02\/Miniatures-boutique-2-300x300.png",300,300,true],"woocommerce_single":["https:\/\/nienna-alwee.fr\/wp-content\/uploads\/2023\/02\/Miniatures-boutique-2-600x600.png",600,600,true],"woocommerce_gallery_thumbnail":["https:\/\/nienna-alwee.fr\/wp-content\/uploads\/2023\/02\/Miniatures-boutique-2-100x100.png",100,100,true]},"uagb_author_info":{"display_name":"Nienna Alwee","author_link":"https:\/\/nienna-alwee.fr\/?author=0"},"uagb_comment_info":0,"uagb_excerpt":"Article de dix pages sur la th\u00e9orie relative \u00e0 la magie du sang \u2013 Octobre 2022\/ Patreon Eunoia N\u00b015 \u2013 Palier Z\u00e9nith \u2013 Nienna Alwee","_links":{"self":[{"href":"https:\/\/nienna-alwee.fr\/index.php?rest_route=\/wp\/v2\/product\/1623"}],"collection":[{"href":"https:\/\/nienna-alwee.fr\/index.php?rest_route=\/wp\/v2\/product"}],"about":[{"href":"https:\/\/nienna-alwee.fr\/index.php?rest_route=\/wp\/v2\/types\/product"}],"replies":[{"embeddable":true,"href":"https:\/\/nienna-alwee.fr\/index.php?rest_route=%2Fwp%2Fv2%2Fcomments&post=1623"}],"wp:featuredmedia":[{"embeddable":true,"href":"https:\/\/nienna-alwee.fr\/index.php?rest_route=\/wp\/v2\/media\/1624"}],"wp:attachment":[{"href":"https:\/\/nienna-alwee.fr\/index.php?rest_route=%2Fwp%2Fv2%2Fmedia&parent=1623"}],"wp:term":[{"taxonomy":"product_cat","embeddable":true,"href":"https:\/\/nienna-alwee.fr\/index.php?rest_route=%2Fwp%2Fv2%2Fproduct_cat&post=1623"},{"taxonomy":"product_tag","embeddable":true,"href":"https:\/\/nienna-alwee.fr\/index.php?rest_route=%2Fwp%2Fv2%2Fproduct_tag&post=1623"}],"curies":[{"name":"wp","href":"https:\/\/api.w.org\/{rel}","templated":true}]}}