{"id":1629,"date":"2023-02-14T20:23:27","date_gmt":"2023-02-14T20:23:27","guid":{"rendered":"https:\/\/nienna-alwee.fr\/?post_type=product&#038;p=1629"},"modified":"2023-02-14T20:23:27","modified_gmt":"2023-02-14T20:23:27","slug":"recette-tourte-des-trois-moissons","status":"publish","type":"product","link":"https:\/\/nienna-alwee.fr\/?product=recette-tourte-des-trois-moissons","title":{"rendered":"Recette &#8211; Tourte des trois moissons"},"content":{"rendered":"<p><span style=\"font-weight: 400;\">Les recettes anciennement disponibles au deuxi\u00e8me palier Patreon sont des documents d\u2019un peu moins de dix pages. Ils d\u00e9taillent une recette et tout ce que vous avez \u00e0 savoir pour la r\u00e9ussir au mieux ! Ingr\u00e9dients, niveau de difficult\u00e9, vous aurez m\u00eame acc\u00e8s \u00e0 un pas \u00e0 pas illustr\u00e9 en fin de recette. Le petit plus ? Ces recettes sont con\u00e7ues pour un but magique pr\u00e9cis. Protection ? Purification ? Attirer la chance ? Tout est d\u00e9taill\u00e9 selon les correspondances des ingr\u00e9dients, en plus des quelques conseils de sorci\u00e8re que je dispose tout au long de la recette.\u00a0<\/span><\/p>\n<p>&nbsp;<\/p>\n<p><span style=\"font-weight: 400;\">Quelles occasions pour cette recette ?\u00a0<\/span><\/p>\n<ul>\n<li style=\"font-weight: 400;\" aria-level=\"1\"><span style=\"font-weight: 400;\">A la fin de l\u2019automne, lorsque les trois moissons sont termin\u00e9es (Lugnasaadh, Mabon et Samhain)<\/span><\/li>\n<li style=\"font-weight: 400;\" aria-level=\"1\"><span style=\"font-weight: 400;\">Pour les personnes qui souhaitent se reconnecter au monde des r\u00eaves et s\u2019en souvenir un peu mieux gr\u00e2ce \u00e0 la vitamine B6 !<\/span><\/li>\n<li style=\"font-weight: 400;\" aria-level=\"1\"><span style=\"font-weight: 400;\">Pour les banquets de Samhain.<\/span><\/li>\n<li style=\"font-weight: 400;\" aria-level=\"1\"><span style=\"font-weight: 400;\">Pour les gourmands et les gourmandes qui souhaitent se r\u00e9chauffer avec un \u201cconfort\u201d plat bien chaud.<\/span><\/li>\n<li style=\"font-weight: 400;\" aria-level=\"1\"><span style=\"font-weight: 400;\">(&#8211; La viande peut d\u2019ailleurs \u00eatre remplac\u00e9e un m\u00e9lange d\u2019\u00e9pinards et orties)<\/span><\/li>\n<\/ul>\n<p><span style=\"font-weight: 400;\">Recette du palier Cr\u00e9puscule du Patreon n\u00b016 d\u2019Eunoia \u2013 Novembre 2022<\/span><\/p>\n<p>&nbsp;<\/p>\n","protected":false},"excerpt":{"rendered":"<p>Recette d\u00e9taill\u00e9e d\u2019une tourte automnale &#8211; Cuisine sorci\u00e8re &#8211; Novembre 2022\/ Patreon Eunoia N\u00b016 \u2013 Palier Cr\u00e9puscule \u2013 Nienna Alwee<\/p>\n","protected":false},"featured_media":1631,"comment_status":"open","ping_status":"closed","template":"","meta":{"om_disable_all_campaigns":false,"_uag_custom_page_level_css":"","_monsterinsights_skip_tracking":false,"_monsterinsights_sitenote_active":false,"_monsterinsights_sitenote_note":"","_monsterinsights_sitenote_category":0,"site-sidebar-layout":"default","site-content-layout":"default","ast-global-header-display":"","ast-main-header-display":"","ast-hfb-above-header-display":"","ast-hfb-below-header-display":"","ast-hfb-mobile-header-display":"","site-post-title":"","ast-breadcrumbs-content":"","ast-featured-img":"","footer-sml-layout":"","theme-transparent-header-meta":"default","adv-header-id-meta":"","stick-header-meta":"","header-above-stick-meta":"","header-main-stick-meta":"","header-below-stick-meta":""},"product_cat":[71],"product_tag":[82,63,72,66,104,105,103,108,107,61,106,109],"aioseo_notices":[],"uagb_featured_image_src":{"full":["https:\/\/nienna-alwee.fr\/wp-content\/uploads\/2023\/02\/Miniatures-boutique-4.png",1080,1080,false],"thumbnail":["https:\/\/nienna-alwee.fr\/wp-content\/uploads\/2023\/02\/Miniatures-boutique-4-150x150.png",150,150,true],"medium":["https:\/\/nienna-alwee.fr\/wp-content\/uploads\/2023\/02\/Miniatures-boutique-4-300x300.png",300,300,true],"medium_large":["https:\/\/nienna-alwee.fr\/wp-content\/uploads\/2023\/02\/Miniatures-boutique-4-768x768.png",768,768,true],"large":["https:\/\/nienna-alwee.fr\/wp-content\/uploads\/2023\/02\/Miniatures-boutique-4-1024x1024.png",1024,1024,true],"1536x1536":["https:\/\/nienna-alwee.fr\/wp-content\/uploads\/2023\/02\/Miniatures-boutique-4.png",1080,1080,false],"2048x2048":["https:\/\/nienna-alwee.fr\/wp-content\/uploads\/2023\/02\/Miniatures-boutique-4.png",1080,1080,false],"woocommerce_thumbnail":["https:\/\/nienna-alwee.fr\/wp-content\/uploads\/2023\/02\/Miniatures-boutique-4-300x300.png",300,300,true],"woocommerce_single":["https:\/\/nienna-alwee.fr\/wp-content\/uploads\/2023\/02\/Miniatures-boutique-4-600x600.png",600,600,true],"woocommerce_gallery_thumbnail":["https:\/\/nienna-alwee.fr\/wp-content\/uploads\/2023\/02\/Miniatures-boutique-4-100x100.png",100,100,true]},"uagb_author_info":{"display_name":"Nienna Alwee","author_link":"https:\/\/nienna-alwee.fr\/?author=0"},"uagb_comment_info":0,"uagb_excerpt":"Recette d\u00e9taill\u00e9e d\u2019une tourte automnale - Cuisine sorci\u00e8re - Novembre 2022\/ Patreon Eunoia N\u00b016 \u2013 Palier Cr\u00e9puscule \u2013 Nienna Alwee","_links":{"self":[{"href":"https:\/\/nienna-alwee.fr\/index.php?rest_route=\/wp\/v2\/product\/1629"}],"collection":[{"href":"https:\/\/nienna-alwee.fr\/index.php?rest_route=\/wp\/v2\/product"}],"about":[{"href":"https:\/\/nienna-alwee.fr\/index.php?rest_route=\/wp\/v2\/types\/product"}],"replies":[{"embeddable":true,"href":"https:\/\/nienna-alwee.fr\/index.php?rest_route=%2Fwp%2Fv2%2Fcomments&post=1629"}],"wp:featuredmedia":[{"embeddable":true,"href":"https:\/\/nienna-alwee.fr\/index.php?rest_route=\/wp\/v2\/media\/1631"}],"wp:attachment":[{"href":"https:\/\/nienna-alwee.fr\/index.php?rest_route=%2Fwp%2Fv2%2Fmedia&parent=1629"}],"wp:term":[{"taxonomy":"product_cat","embeddable":true,"href":"https:\/\/nienna-alwee.fr\/index.php?rest_route=%2Fwp%2Fv2%2Fproduct_cat&post=1629"},{"taxonomy":"product_tag","embeddable":true,"href":"https:\/\/nienna-alwee.fr\/index.php?rest_route=%2Fwp%2Fv2%2Fproduct_tag&post=1629"}],"curies":[{"name":"wp","href":"https:\/\/api.w.org\/{rel}","templated":true}]}}