{"id":1632,"date":"2023-02-14T20:28:54","date_gmt":"2023-02-14T20:28:54","guid":{"rendered":"https:\/\/nienna-alwee.fr\/?post_type=product&#038;p=1632"},"modified":"2023-02-14T20:28:54","modified_gmt":"2023-02-14T20:28:54","slug":"dossier-les-nymphes","status":"publish","type":"product","link":"https:\/\/nienna-alwee.fr\/?product=dossier-les-nymphes","title":{"rendered":"Dossier &#8211; Les Nymphes"},"content":{"rendered":"<p><span style=\"font-weight: 400;\">Les dossiers anciennement disponibles au dernier palier Patreon, le palier Nuit, sont les documents les plus cons\u00e9quents. Ils font toujours une trentaine de pages, et sont g\u00e9n\u00e9ralement assez complets. Par rapport aux articles, les dossiers vont plus en profondeur dans les d\u00e9tails. Les th\u00e8mes sont vari\u00e9s, mais toujours exploit\u00e9s autant d\u2019un point de vue th\u00e9orique que pratique. Les textes sont accompagn\u00e9s d\u2019images, de sch\u00e9ma, de conseils et de r\u00e9flexions personnelles.<\/span><\/p>\n<p><span style=\"font-weight: 400;\">Que renferme ce dossier sur les Nymphes ?\u00a0\u00a0<\/span><\/p>\n<ul>\n<li style=\"font-weight: 400;\" aria-level=\"1\"><span style=\"font-weight: 400;\">Une Explication du statut des nymphes par rapport aux divinit\u00e9s, ainsi que leur hi\u00e9rarchisation\u00a0<\/span><\/li>\n<li style=\"font-weight: 400;\" aria-level=\"1\"><span style=\"font-weight: 400;\">Une liste des Nymphes les plus importantes par cat\u00e9gories (aquatiques, terrestres et c\u00e9lestes).\u00a0<\/span><\/li>\n<li style=\"font-weight: 400;\" aria-level=\"1\"><span style=\"font-weight: 400;\">Des pistes d\u2019\u00e9tudes pour la cr\u00e9ation d\u2019un culte moderne aux nymphes.<\/span><\/li>\n<li style=\"font-weight: 400;\" aria-level=\"1\"><span style=\"font-weight: 400;\">La pr\u00e9sentation plus profonde de cas particuliers, comme les lampades, les hesp\u00e9rides etc.<\/span><\/li>\n<li style=\"font-weight: 400;\" aria-level=\"1\"><span style=\"font-weight: 400;\">Des pistes de r\u00e9ponses \u00e0 des questions communes : \u201cest-ce que les nymphes sont les f\u00e9es de l\u2019Hell\u00e9nisme ?\u201d ou encore \u201cexiste t-il des nymphes hommes ?\u201d&#8230;.<\/span><span style=\"font-weight: 400;\">\n<p><\/span><\/li>\n<\/ul>\n<p><span style=\"font-weight: 400;\">Dossier du palier Nuit du Patreon n\u00b09 d\u2019Eunoia \u2013 Avril 2022<\/span><\/p>\n","protected":false},"excerpt":{"rendered":"<p><span style=\"font-weight: 400;\">Dossier sur les nymphes d&#8217;une trentaine de pages &#8211; Dossier &#8211; Avril 2022\/ Patreon Eunoia N\u00b09 \u2013 Palier Nuit \u2013 Nienna Alwee<\/span><\/p>\n","protected":false},"featured_media":1634,"comment_status":"open","ping_status":"closed","template":"","meta":{"om_disable_all_campaigns":false,"_uag_custom_page_level_css":"","_monsterinsights_skip_tracking":false,"_monsterinsights_sitenote_active":false,"_monsterinsights_sitenote_note":"","_monsterinsights_sitenote_category":0,"site-sidebar-layout":"default","site-content-layout":"default","ast-global-header-display":"","ast-main-header-display":"","ast-hfb-above-header-display":"","ast-hfb-below-header-display":"","ast-hfb-mobile-header-display":"","site-post-title":"","ast-breadcrumbs-content":"","ast-featured-img":"","footer-sml-layout":"","theme-transparent-header-meta":"default","adv-header-id-meta":"","stick-header-meta":"","header-above-stick-meta":"","header-main-stick-meta":"","header-below-stick-meta":""},"product_cat":[76],"product_tag":[82,113,114,78,112,111,115,110],"aioseo_notices":[],"uagb_featured_image_src":{"full":["https:\/\/nienna-alwee.fr\/wp-content\/uploads\/2023\/02\/Miniatures-boutique-5.png",1080,1080,false],"thumbnail":["https:\/\/nienna-alwee.fr\/wp-content\/uploads\/2023\/02\/Miniatures-boutique-5-150x150.png",150,150,true],"medium":["https:\/\/nienna-alwee.fr\/wp-content\/uploads\/2023\/02\/Miniatures-boutique-5-300x300.png",300,300,true],"medium_large":["https:\/\/nienna-alwee.fr\/wp-content\/uploads\/2023\/02\/Miniatures-boutique-5-768x768.png",768,768,true],"large":["https:\/\/nienna-alwee.fr\/wp-content\/uploads\/2023\/02\/Miniatures-boutique-5-1024x1024.png",1024,1024,true],"1536x1536":["https:\/\/nienna-alwee.fr\/wp-content\/uploads\/2023\/02\/Miniatures-boutique-5.png",1080,1080,false],"2048x2048":["https:\/\/nienna-alwee.fr\/wp-content\/uploads\/2023\/02\/Miniatures-boutique-5.png",1080,1080,false],"woocommerce_thumbnail":["https:\/\/nienna-alwee.fr\/wp-content\/uploads\/2023\/02\/Miniatures-boutique-5-300x300.png",300,300,true],"woocommerce_single":["https:\/\/nienna-alwee.fr\/wp-content\/uploads\/2023\/02\/Miniatures-boutique-5-600x600.png",600,600,true],"woocommerce_gallery_thumbnail":["https:\/\/nienna-alwee.fr\/wp-content\/uploads\/2023\/02\/Miniatures-boutique-5-100x100.png",100,100,true]},"uagb_author_info":{"display_name":"Nienna Alwee","author_link":"https:\/\/nienna-alwee.fr\/?author=0"},"uagb_comment_info":0,"uagb_excerpt":"Dossier sur les nymphes d'une trentaine de pages - Dossier - Avril 2022\/ Patreon Eunoia N\u00b09 \u2013 Palier Nuit \u2013 Nienna Alwee","_links":{"self":[{"href":"https:\/\/nienna-alwee.fr\/index.php?rest_route=\/wp\/v2\/product\/1632"}],"collection":[{"href":"https:\/\/nienna-alwee.fr\/index.php?rest_route=\/wp\/v2\/product"}],"about":[{"href":"https:\/\/nienna-alwee.fr\/index.php?rest_route=\/wp\/v2\/types\/product"}],"replies":[{"embeddable":true,"href":"https:\/\/nienna-alwee.fr\/index.php?rest_route=%2Fwp%2Fv2%2Fcomments&post=1632"}],"wp:featuredmedia":[{"embeddable":true,"href":"https:\/\/nienna-alwee.fr\/index.php?rest_route=\/wp\/v2\/media\/1634"}],"wp:attachment":[{"href":"https:\/\/nienna-alwee.fr\/index.php?rest_route=%2Fwp%2Fv2%2Fmedia&parent=1632"}],"wp:term":[{"taxonomy":"product_cat","embeddable":true,"href":"https:\/\/nienna-alwee.fr\/index.php?rest_route=%2Fwp%2Fv2%2Fproduct_cat&post=1632"},{"taxonomy":"product_tag","embeddable":true,"href":"https:\/\/nienna-alwee.fr\/index.php?rest_route=%2Fwp%2Fv2%2Fproduct_tag&post=1632"}],"curies":[{"name":"wp","href":"https:\/\/api.w.org\/{rel}","templated":true}]}}