{"id":1635,"date":"2023-02-15T08:57:06","date_gmt":"2023-02-15T08:57:06","guid":{"rendered":"https:\/\/nienna-alwee.fr\/?post_type=product&#038;p=1635"},"modified":"2023-02-15T08:58:15","modified_gmt":"2023-02-15T08:58:15","slug":"article-le-shadow-work","status":"publish","type":"product","link":"https:\/\/nienna-alwee.fr\/?product=article-le-shadow-work","title":{"rendered":"Article \u2013 Le Shadow Work"},"content":{"rendered":"<p><span style=\"font-weight: 400;\">Les articles anciennement disponibles au premier palier Patreon sont des documents d\u2019environ douze pages (parfois un peu moins). Ils abordent mes r\u00e9flexions th\u00e9oriques et pratiques sur des sujets tr\u00e8s vari\u00e9s autour de la sorcellerie et du paganisme.<\/span><\/p>\n<p><span style=\"font-weight: 400;\">Au c\u0153ur de cet article, vous d\u00e9couvrirez :<\/span><\/p>\n<ul>\n<li style=\"font-weight: 400;\" aria-level=\"1\"><span style=\"font-weight: 400;\">Une d\u00e9finition pr\u00e9cise sur ce qu\u2019est le Shadow work, et ce qu\u2019il n\u2019est pas.<\/span><\/li>\n<li style=\"font-weight: 400;\" aria-level=\"1\"><span style=\"font-weight: 400;\">Une pr\u00e9vention cibl\u00e9e sur les probl\u00e8mes et difficult\u00e9s que peuvent soulever ce profond questionnement.<\/span><\/li>\n<li style=\"font-weight: 400;\" aria-level=\"1\"><span style=\"font-weight: 400;\">Des conseils pour commencer le shadow work en toute s\u00e9r\u00e9nit\u00e9 OU une fa\u00e7on de repenser le shadow work si vous \u00eates d\u00e9j\u00e0 familier avec ce travail.<\/span><\/li>\n<\/ul>\n<p><span style=\"font-weight: 400;\">Article du palier Z\u00e9nith du Patreon n\u00b04 d\u2019Eunoia \u2013 Novembre 2021<\/span><\/p>\n","protected":false},"excerpt":{"rendered":"<p><span style=\"font-weight: 400;\">Article de neuf pages sur le Shadow work aussi appel\u00e9 \u201ctravail de l\u2019ombre\u201d \u2013 Novembre 2021\/ Patreon Eunoia N\u00b04 \u2013 Palier Z\u00e9nith \u2013 Nienna Alwee<\/span><\/p>\n","protected":false},"featured_media":1637,"comment_status":"open","ping_status":"closed","template":"","meta":{"om_disable_all_campaigns":false,"_uag_custom_page_level_css":"","_monsterinsights_skip_tracking":false,"_monsterinsights_sitenote_active":false,"_monsterinsights_sitenote_note":"","_monsterinsights_sitenote_category":0,"site-sidebar-layout":"default","site-content-layout":"default","ast-global-header-display":"","ast-main-header-display":"","ast-hfb-above-header-display":"","ast-hfb-below-header-display":"","ast-hfb-mobile-header-display":"","site-post-title":"","ast-breadcrumbs-content":"","ast-featured-img":"","footer-sml-layout":"","theme-transparent-header-meta":"default","adv-header-id-meta":"","stick-header-meta":"","header-above-stick-meta":"","header-main-stick-meta":"","header-below-stick-meta":""},"product_cat":[35],"product_tag":[67,63,120,104,118,119,117,116],"aioseo_notices":[],"uagb_featured_image_src":{"full":["https:\/\/nienna-alwee.fr\/wp-content\/uploads\/2023\/02\/Miniatures-boutique-6.png",1080,1080,false],"thumbnail":["https:\/\/nienna-alwee.fr\/wp-content\/uploads\/2023\/02\/Miniatures-boutique-6-150x150.png",150,150,true],"medium":["https:\/\/nienna-alwee.fr\/wp-content\/uploads\/2023\/02\/Miniatures-boutique-6-300x300.png",300,300,true],"medium_large":["https:\/\/nienna-alwee.fr\/wp-content\/uploads\/2023\/02\/Miniatures-boutique-6-768x768.png",768,768,true],"large":["https:\/\/nienna-alwee.fr\/wp-content\/uploads\/2023\/02\/Miniatures-boutique-6-1024x1024.png",1024,1024,true],"1536x1536":["https:\/\/nienna-alwee.fr\/wp-content\/uploads\/2023\/02\/Miniatures-boutique-6.png",1080,1080,false],"2048x2048":["https:\/\/nienna-alwee.fr\/wp-content\/uploads\/2023\/02\/Miniatures-boutique-6.png",1080,1080,false],"woocommerce_thumbnail":["https:\/\/nienna-alwee.fr\/wp-content\/uploads\/2023\/02\/Miniatures-boutique-6-300x300.png",300,300,true],"woocommerce_single":["https:\/\/nienna-alwee.fr\/wp-content\/uploads\/2023\/02\/Miniatures-boutique-6-600x600.png",600,600,true],"woocommerce_gallery_thumbnail":["https:\/\/nienna-alwee.fr\/wp-content\/uploads\/2023\/02\/Miniatures-boutique-6-100x100.png",100,100,true]},"uagb_author_info":{"display_name":"Nienna Alwee","author_link":"https:\/\/nienna-alwee.fr\/?author=0"},"uagb_comment_info":0,"uagb_excerpt":"Article de neuf pages sur le Shadow work aussi appel\u00e9 \u201ctravail de l\u2019ombre\u201d \u2013 Novembre 2021\/ Patreon Eunoia N\u00b04 \u2013 Palier Z\u00e9nith \u2013 Nienna Alwee","_links":{"self":[{"href":"https:\/\/nienna-alwee.fr\/index.php?rest_route=\/wp\/v2\/product\/1635"}],"collection":[{"href":"https:\/\/nienna-alwee.fr\/index.php?rest_route=\/wp\/v2\/product"}],"about":[{"href":"https:\/\/nienna-alwee.fr\/index.php?rest_route=\/wp\/v2\/types\/product"}],"replies":[{"embeddable":true,"href":"https:\/\/nienna-alwee.fr\/index.php?rest_route=%2Fwp%2Fv2%2Fcomments&post=1635"}],"wp:featuredmedia":[{"embeddable":true,"href":"https:\/\/nienna-alwee.fr\/index.php?rest_route=\/wp\/v2\/media\/1637"}],"wp:attachment":[{"href":"https:\/\/nienna-alwee.fr\/index.php?rest_route=%2Fwp%2Fv2%2Fmedia&parent=1635"}],"wp:term":[{"taxonomy":"product_cat","embeddable":true,"href":"https:\/\/nienna-alwee.fr\/index.php?rest_route=%2Fwp%2Fv2%2Fproduct_cat&post=1635"},{"taxonomy":"product_tag","embeddable":true,"href":"https:\/\/nienna-alwee.fr\/index.php?rest_route=%2Fwp%2Fv2%2Fproduct_tag&post=1635"}],"curies":[{"name":"wp","href":"https:\/\/api.w.org\/{rel}","templated":true}]}}