{"id":1638,"date":"2023-02-15T09:07:58","date_gmt":"2023-02-15T09:07:58","guid":{"rendered":"https:\/\/nienna-alwee.fr\/?post_type=product&#038;p=1638"},"modified":"2023-02-15T09:07:58","modified_gmt":"2023-02-15T09:07:58","slug":"dossier-les-autels-portatifs","status":"publish","type":"product","link":"https:\/\/nienna-alwee.fr\/?product=dossier-les-autels-portatifs","title":{"rendered":"Dossier &#8211; Les autels portatifs"},"content":{"rendered":"<p><span style=\"font-weight: 400;\">Les dossiers anciennement disponibles au dernier palier Patreon, le palier Nuit, sont les documents les plus cons\u00e9quents. Ils font toujours une trentaine de pages, et sont g\u00e9n\u00e9ralement assez complets. Par rapport aux articles, les dossiers vont plus en profondeur dans les d\u00e9tails. Les th\u00e8mes sont vari\u00e9s, mais toujours exploit\u00e9s autant d\u2019un point de vue th\u00e9orique que pratique. Les textes sont accompagn\u00e9s d\u2019images, de sch\u00e9ma, de conseils et de r\u00e9flexions personnelles.<\/span><\/p>\n<p>&nbsp;<\/p>\n<p><span style=\"font-weight: 400;\">Que renferme ce dossier sur les Autels Portatifs ?\u00a0\u00a0<\/span><\/p>\n<ul>\n<li style=\"font-weight: 400;\" aria-level=\"1\"><span style=\"font-weight: 400;\">L\u2019explication de la notion d\u2019autels sacr\u00e9s.\u00a0<\/span><\/li>\n<li style=\"font-weight: 400;\" aria-level=\"1\"><span style=\"font-weight: 400;\">La pr\u00e9sentation de leurs l\u2019int\u00e9r\u00eat d\u2019un autel de voyage, ses avantages et inconv\u00e9nients.<\/span><\/li>\n<li style=\"font-weight: 400;\" aria-level=\"1\"><span style=\"font-weight: 400;\">Des pistes de contenants et de contenus pour cr\u00e9er votre propre autel de voyage.<\/span><\/li>\n<li style=\"font-weight: 400;\" aria-level=\"1\"><span style=\"font-weight: 400;\">Une astuce personnelle, in\u00e9dite, ing\u00e9nieuse et peu on\u00e9reuse pour la r\u00e9alisation d\u2019un autel de voyage pratique !<\/span><span style=\"font-weight: 400;\">\n<p><\/span><\/li>\n<\/ul>\n<p><span style=\"font-weight: 400;\">Dossier du palier Nuit du Patreon n\u00b02 d\u2019Eunoia \u2013 Septembre 2021<\/span><\/p>\n","protected":false},"excerpt":{"rendered":"<p><span style=\"font-weight: 400;\">Dossier de 28 pages sur les autels portatifs &#8211; Dossier &#8211; Septembre 2021\/ Patreon Eunoia N\u00b02 \u2013 Palier Nuit \u2013 Nienna Alwee<\/span><\/p>\n","protected":false},"featured_media":1640,"comment_status":"open","ping_status":"closed","template":"","meta":{"om_disable_all_campaigns":false,"_uag_custom_page_level_css":"","_monsterinsights_skip_tracking":false,"_monsterinsights_sitenote_active":false,"_monsterinsights_sitenote_note":"","_monsterinsights_sitenote_category":0,"site-sidebar-layout":"default","site-content-layout":"default","ast-global-header-display":"","ast-main-header-display":"","ast-hfb-above-header-display":"","ast-hfb-below-header-display":"","ast-hfb-mobile-header-display":"","site-post-title":"","ast-breadcrumbs-content":"","ast-featured-img":"","footer-sml-layout":"","theme-transparent-header-meta":"default","adv-header-id-meta":"","stick-header-meta":"","header-above-stick-meta":"","header-main-stick-meta":"","header-below-stick-meta":""},"product_cat":[76],"product_tag":[67,121,63,78,73,60,122,123,59],"aioseo_notices":[],"uagb_featured_image_src":{"full":["https:\/\/nienna-alwee.fr\/wp-content\/uploads\/2023\/02\/Miniatures-boutique-7.png",1080,1080,false],"thumbnail":["https:\/\/nienna-alwee.fr\/wp-content\/uploads\/2023\/02\/Miniatures-boutique-7-150x150.png",150,150,true],"medium":["https:\/\/nienna-alwee.fr\/wp-content\/uploads\/2023\/02\/Miniatures-boutique-7-300x300.png",300,300,true],"medium_large":["https:\/\/nienna-alwee.fr\/wp-content\/uploads\/2023\/02\/Miniatures-boutique-7-768x768.png",768,768,true],"large":["https:\/\/nienna-alwee.fr\/wp-content\/uploads\/2023\/02\/Miniatures-boutique-7-1024x1024.png",1024,1024,true],"1536x1536":["https:\/\/nienna-alwee.fr\/wp-content\/uploads\/2023\/02\/Miniatures-boutique-7.png",1080,1080,false],"2048x2048":["https:\/\/nienna-alwee.fr\/wp-content\/uploads\/2023\/02\/Miniatures-boutique-7.png",1080,1080,false],"woocommerce_thumbnail":["https:\/\/nienna-alwee.fr\/wp-content\/uploads\/2023\/02\/Miniatures-boutique-7-300x300.png",300,300,true],"woocommerce_single":["https:\/\/nienna-alwee.fr\/wp-content\/uploads\/2023\/02\/Miniatures-boutique-7-600x600.png",600,600,true],"woocommerce_gallery_thumbnail":["https:\/\/nienna-alwee.fr\/wp-content\/uploads\/2023\/02\/Miniatures-boutique-7-100x100.png",100,100,true]},"uagb_author_info":{"display_name":"Nienna Alwee","author_link":"https:\/\/nienna-alwee.fr\/?author=0"},"uagb_comment_info":0,"uagb_excerpt":"Dossier de 28 pages sur les autels portatifs - Dossier - Septembre 2021\/ Patreon Eunoia N\u00b02 \u2013 Palier Nuit \u2013 Nienna Alwee","_links":{"self":[{"href":"https:\/\/nienna-alwee.fr\/index.php?rest_route=\/wp\/v2\/product\/1638"}],"collection":[{"href":"https:\/\/nienna-alwee.fr\/index.php?rest_route=\/wp\/v2\/product"}],"about":[{"href":"https:\/\/nienna-alwee.fr\/index.php?rest_route=\/wp\/v2\/types\/product"}],"replies":[{"embeddable":true,"href":"https:\/\/nienna-alwee.fr\/index.php?rest_route=%2Fwp%2Fv2%2Fcomments&post=1638"}],"wp:featuredmedia":[{"embeddable":true,"href":"https:\/\/nienna-alwee.fr\/index.php?rest_route=\/wp\/v2\/media\/1640"}],"wp:attachment":[{"href":"https:\/\/nienna-alwee.fr\/index.php?rest_route=%2Fwp%2Fv2%2Fmedia&parent=1638"}],"wp:term":[{"taxonomy":"product_cat","embeddable":true,"href":"https:\/\/nienna-alwee.fr\/index.php?rest_route=%2Fwp%2Fv2%2Fproduct_cat&post=1638"},{"taxonomy":"product_tag","embeddable":true,"href":"https:\/\/nienna-alwee.fr\/index.php?rest_route=%2Fwp%2Fv2%2Fproduct_tag&post=1638"}],"curies":[{"name":"wp","href":"https:\/\/api.w.org\/{rel}","templated":true}]}}