{"id":1653,"date":"2023-03-06T09:15:08","date_gmt":"2023-03-06T09:15:08","guid":{"rendered":"https:\/\/nienna-alwee.fr\/?post_type=product&#038;p=1653"},"modified":"2023-03-06T09:24:05","modified_gmt":"2023-03-06T09:24:05","slug":"dossier-preparation-rituelique-du-corps","status":"publish","type":"product","link":"https:\/\/nienna-alwee.fr\/?product=dossier-preparation-rituelique-du-corps","title":{"rendered":"Dossier &#8211; Pr\u00e9paration ritu\u00e9lique du corps"},"content":{"rendered":"<p><span style=\"font-weight: 400;\">Les dossiers anciennement disponibles au dernier palier Patreon, le palier Nuit, sont les documents les plus cons\u00e9quents. Ils font toujours une trentaine de pages, et sont g\u00e9n\u00e9ralement assez complets. Par rapport aux articles, les dossiers vont plus en profondeur dans les d\u00e9tails. Les th\u00e8mes sont vari\u00e9s, mais toujours exploit\u00e9s autant d\u2019un point de vue th\u00e9orique que pratique. Les textes sont accompagn\u00e9s d\u2019images, de sch\u00e9ma, de conseils et de r\u00e9flexions personnelles.<\/span><\/p>\n<p><span style=\"font-weight: 400;\">Que renferme ce dossier sur la pr\u00e9paration du corps ?\u00a0<\/span><\/p>\n<ul>\n<li style=\"font-weight: 400;\" aria-level=\"1\"><span style=\"font-weight: 400;\">Des pistes de r\u00e9flexion pour r\u00e9int\u00e9grer le corps au sein de la pratique<\/span><\/li>\n<li aria-level=\"1\">La description de la beaut\u00e9 et de la puret\u00e9 rituelle dans l&#8217;Antiquit\u00e9 Grecque<\/li>\n<li style=\"font-weight: 400;\" aria-level=\"1\"><span style=\"font-weight: 400;\">Comment pratiquer une douche ritu\u00e9lique ? (douche purificatrice)<\/span><\/li>\n<li style=\"font-weight: 400;\" aria-level=\"1\"><span style=\"font-weight: 400;\">Comment pratiquer un bain ritu\u00e9lique ? (bain purificateur)<\/span><\/li>\n<li style=\"font-weight: 400;\" aria-level=\"1\"><span style=\"font-weight: 400;\">Le sch\u00e9ma et les correspondances des temp\u00e9ratures de l&#8217;eau sacr\u00e9e (Chaude et froide)<\/span><\/li>\n<li style=\"font-weight: 400;\" aria-level=\"1\"><span style=\"font-weight: 400;\">Un tutoriel pour mettre en place un\u00a0 rituel, mon \u00ab Bain Lupercalien \u00bb\u00a0<\/span><\/li>\n<\/ul>\n<p><span style=\"font-weight: 400;\">Dossier du palier Nuit du Patreon n\u00b06 d\u2019Eunoia \u2013 Janvier 2022<\/span><\/p>\n","protected":false},"excerpt":{"rendered":"<p><span style=\"font-weight: 400;\">Dossier sur la pr\u00e9paration du corps avant un rituel &#8211; Dossier <\/span><span style=\"font-weight: 400;\">&#8211; Janvier 2022\/ Patreon Eunoia N\u00b06 <\/span><span style=\"font-weight: 400;\">\u2013 Palier Nuit \u2013 Nienna Alwee<\/span><\/p>\n","protected":false},"featured_media":1658,"comment_status":"open","ping_status":"closed","template":"","meta":{"om_disable_all_campaigns":false,"_uag_custom_page_level_css":"","_monsterinsights_skip_tracking":false,"_monsterinsights_sitenote_active":false,"_monsterinsights_sitenote_note":"","_monsterinsights_sitenote_category":0,"site-sidebar-layout":"default","site-content-layout":"default","ast-global-header-display":"","ast-main-header-display":"","ast-hfb-above-header-display":"","ast-hfb-below-header-display":"","ast-hfb-mobile-header-display":"","site-post-title":"","ast-breadcrumbs-content":"","ast-featured-img":"","footer-sml-layout":"","theme-transparent-header-meta":"default","adv-header-id-meta":"","stick-header-meta":"","header-above-stick-meta":"","header-main-stick-meta":"","header-below-stick-meta":""},"product_cat":[76],"product_tag":[82,78,137,135,136,132,59],"aioseo_notices":[],"uagb_featured_image_src":{"full":["https:\/\/nienna-alwee.fr\/wp-content\/uploads\/2023\/03\/Miniatures-boutique-10.png",1080,1080,false],"thumbnail":["https:\/\/nienna-alwee.fr\/wp-content\/uploads\/2023\/03\/Miniatures-boutique-10-150x150.png",150,150,true],"medium":["https:\/\/nienna-alwee.fr\/wp-content\/uploads\/2023\/03\/Miniatures-boutique-10-300x300.png",300,300,true],"medium_large":["https:\/\/nienna-alwee.fr\/wp-content\/uploads\/2023\/03\/Miniatures-boutique-10-768x768.png",768,768,true],"large":["https:\/\/nienna-alwee.fr\/wp-content\/uploads\/2023\/03\/Miniatures-boutique-10-1024x1024.png",1024,1024,true],"1536x1536":["https:\/\/nienna-alwee.fr\/wp-content\/uploads\/2023\/03\/Miniatures-boutique-10.png",1080,1080,false],"2048x2048":["https:\/\/nienna-alwee.fr\/wp-content\/uploads\/2023\/03\/Miniatures-boutique-10.png",1080,1080,false],"woocommerce_thumbnail":["https:\/\/nienna-alwee.fr\/wp-content\/uploads\/2023\/03\/Miniatures-boutique-10-300x300.png",300,300,true],"woocommerce_single":["https:\/\/nienna-alwee.fr\/wp-content\/uploads\/2023\/03\/Miniatures-boutique-10-600x600.png",600,600,true],"woocommerce_gallery_thumbnail":["https:\/\/nienna-alwee.fr\/wp-content\/uploads\/2023\/03\/Miniatures-boutique-10-100x100.png",100,100,true]},"uagb_author_info":{"display_name":"Nienna Alwee","author_link":"https:\/\/nienna-alwee.fr\/?author=0"},"uagb_comment_info":0,"uagb_excerpt":"Dossier sur la pr\u00e9paration du corps avant un rituel - Dossier - Janvier 2022\/ Patreon Eunoia N\u00b06 \u2013 Palier Nuit \u2013 Nienna Alwee","_links":{"self":[{"href":"https:\/\/nienna-alwee.fr\/index.php?rest_route=\/wp\/v2\/product\/1653"}],"collection":[{"href":"https:\/\/nienna-alwee.fr\/index.php?rest_route=\/wp\/v2\/product"}],"about":[{"href":"https:\/\/nienna-alwee.fr\/index.php?rest_route=\/wp\/v2\/types\/product"}],"replies":[{"embeddable":true,"href":"https:\/\/nienna-alwee.fr\/index.php?rest_route=%2Fwp%2Fv2%2Fcomments&post=1653"}],"wp:featuredmedia":[{"embeddable":true,"href":"https:\/\/nienna-alwee.fr\/index.php?rest_route=\/wp\/v2\/media\/1658"}],"wp:attachment":[{"href":"https:\/\/nienna-alwee.fr\/index.php?rest_route=%2Fwp%2Fv2%2Fmedia&parent=1653"}],"wp:term":[{"taxonomy":"product_cat","embeddable":true,"href":"https:\/\/nienna-alwee.fr\/index.php?rest_route=%2Fwp%2Fv2%2Fproduct_cat&post=1653"},{"taxonomy":"product_tag","embeddable":true,"href":"https:\/\/nienna-alwee.fr\/index.php?rest_route=%2Fwp%2Fv2%2Fproduct_tag&post=1653"}],"curies":[{"name":"wp","href":"https:\/\/api.w.org\/{rel}","templated":true}]}}